{"id":82,"date":"2017-01-22T11:58:45","date_gmt":"2017-01-22T10:58:45","guid":{"rendered":"http:\/\/localhost:8888\/sites\/mawazine\/\/?page_id=82"},"modified":"2018-05-14T20:45:42","modified_gmt":"2018-05-14T18:45:42","slug":"horaires","status":"publish","type":"page","link":"https:\/\/mawazine.ma\/fr\/info\/horaires\/","title":{"rendered":"Horaires"},"content":{"rendered":"<p><strong>GRANDES SC\u00c8NES :<\/strong><\/p>\n<ul>\n<li>OLM : 20h45<\/li>\n<li>NAHDA : 21h45<\/li>\n<li>BOUREGREG : 21h45<\/li>\n<li>SALE : 20h45<\/li>\n<\/ul>\n<p><strong>SC\u00c8NES FERM\u00c9ES :<\/strong><\/p>\n<ul>\n<li>Th\u00e9\u00e2tre National Mohammed V : 19h30<\/li>\n<li>Site historique du Chellah : 17h30<\/li>\n<\/ul>\n<p>Pour les grandes sc\u00e8nes, il est conseill\u00e9 de se pr\u00e9senter sur les sites au moins 1h avant le d\u00e9but du concert.<br \/>\nPour les sc\u00e8nes ferm\u00e9es, il est \u00e0 noter que le placement est libre.<\/p>","protected":false},"excerpt":{"rendered":"<p>GRANDES SC\u00c8NES : OLM : 20h45 NAHDA : 21h45 BOUREGREG : 21h45 SALE : 20h45 SC\u00c8NES FERM\u00c9ES : Th\u00e9\u00e2tre National Mohammed V : 19h30 Site historique du Chellah : 17h30 Pour les grandes sc\u00e8nes, il est conseill\u00e9 de se pr\u00e9senter sur les sites au moins 1h avant le d\u00e9but du concert. Pour les sc\u00e8nes ferm\u00e9es, [&hellip;]<\/p>\n","protected":false},"author":1,"featured_media":0,"parent":74,"menu_order":0,"comment_status":"closed","ping_status":"closed","template":"","meta":{"_acf_changed":false,"footnotes":""},"class_list":["post-82","page","type-page","status-publish","hentry"],"acf":[],"_links":{"self":[{"href":"https:\/\/mawazine.ma\/fr\/wp-json\/wp\/v2\/pages\/82","targetHints":{"allow":["GET"]}}],"collection":[{"href":"https:\/\/mawazine.ma\/fr\/wp-json\/wp\/v2\/pages"}],"about":[{"href":"https:\/\/mawazine.ma\/fr\/wp-json\/wp\/v2\/types\/page"}],"author":[{"embeddable":true,"href":"https:\/\/mawazine.ma\/fr\/wp-json\/wp\/v2\/users\/1"}],"replies":[{"embeddable":true,"href":"https:\/\/mawazine.ma\/fr\/wp-json\/wp\/v2\/comments?post=82"}],"version-history":[{"count":1,"href":"https:\/\/mawazine.ma\/fr\/wp-json\/wp\/v2\/pages\/82\/revisions"}],"predecessor-version":[{"id":7037,"href":"https:\/\/mawazine.ma\/fr\/wp-json\/wp\/v2\/pages\/82\/revisions\/7037"}],"up":[{"embeddable":true,"href":"https:\/\/mawazine.ma\/fr\/wp-json\/wp\/v2\/pages\/74"}],"wp:attachment":[{"href":"https:\/\/mawazine.ma\/fr\/wp-json\/wp\/v2\/media?parent=82"}],"curies":[{"name":"wp","href":"https:\/\/api.w.org\/{rel}","templated":true}]}}