{"id":78,"date":"2017-01-22T11:58:05","date_gmt":"2017-01-22T10:58:05","guid":{"rendered":"http:\/\/localhost:8888\/sites\/mawazine\/\/?page_id=78"},"modified":"2024-04-26T17:19:52","modified_gmt":"2024-04-26T15:19:52","slug":"scenes","status":"publish","type":"page","link":"https:\/\/mawazine.ma\/fr\/edition-2024\/scenes\/","title":{"rendered":"Sc\u00e8nes"},"content":{"rendered":"<p><\/p>\n<h2>Les grandes sc\u00e8nes<\/h2>\n<p><strong>4 Grandes Sc\u00e8nes<\/strong> am\u00e9nag\u00e9es en plein air, ouvertes, gratuites et accessibles \u00e0 tous, les grandes sc\u00e8nes<br \/>\ndu festival sont con\u00e7ues et s\u00e9curis\u00e9es pour accueillir un tr\u00e8s large public (de 15 000 \u00e0 200 000 personnes)<\/p>\n<p><\/p>","protected":false},"excerpt":{"rendered":"<p>Les grandes sc\u00e8nes 4 Grandes Sc\u00e8nes am\u00e9nag\u00e9es en plein air, ouvertes, gratuites et accessibles \u00e0 tous, les grandes sc\u00e8nes du festival sont con\u00e7ues et s\u00e9curis\u00e9es pour accueillir un tr\u00e8s large public (de 15 000 \u00e0 200 000 personnes)<\/p>\n","protected":false},"author":1,"featured_media":0,"parent":11634,"menu_order":0,"comment_status":"closed","ping_status":"closed","template":"scenes.php","meta":{"_acf_changed":false,"footnotes":""},"class_list":["post-78","page","type-page","status-publish","hentry"],"acf":[],"_links":{"self":[{"href":"https:\/\/mawazine.ma\/fr\/wp-json\/wp\/v2\/pages\/78","targetHints":{"allow":["GET"]}}],"collection":[{"href":"https:\/\/mawazine.ma\/fr\/wp-json\/wp\/v2\/pages"}],"about":[{"href":"https:\/\/mawazine.ma\/fr\/wp-json\/wp\/v2\/types\/page"}],"author":[{"embeddable":true,"href":"https:\/\/mawazine.ma\/fr\/wp-json\/wp\/v2\/users\/1"}],"replies":[{"embeddable":true,"href":"https:\/\/mawazine.ma\/fr\/wp-json\/wp\/v2\/comments?post=78"}],"version-history":[{"count":15,"href":"https:\/\/mawazine.ma\/fr\/wp-json\/wp\/v2\/pages\/78\/revisions"}],"predecessor-version":[{"id":11519,"href":"https:\/\/mawazine.ma\/fr\/wp-json\/wp\/v2\/pages\/78\/revisions\/11519"}],"up":[{"embeddable":true,"href":"https:\/\/mawazine.ma\/fr\/wp-json\/wp\/v2\/pages\/11634"}],"wp:attachment":[{"href":"https:\/\/mawazine.ma\/fr\/wp-json\/wp\/v2\/media?parent=78"}],"curies":[{"name":"wp","href":"https:\/\/api.w.org\/{rel}","templated":true}]}}