{"id":6961,"date":"2018-05-10T16:56:06","date_gmt":"2018-05-10T14:56:06","guid":{"rendered":"http:\/\/localhost:8888\/sites\/mawazine\/?page_id=6430"},"modified":"2019-04-05T19:38:40","modified_gmt":"2019-04-05T17:38:40","slug":"billets","status":"publish","type":"page","link":"https:\/\/mawazine.ma\/fr\/billetterie\/tarification\/billets\/","title":{"rendered":"Billets"},"content":{"rendered":"<p><\/p>\n<h4>*L\u2019acc\u00e8s est gratuit \u00e0 l\u2019exception d\u2019un espace r\u00e9serv\u00e9 devant la sc\u00e8ne aux d\u00e9tenteurs de billets et\/ou d\u2019une carte d\u2019acc\u00e8s pour la sc\u00e8ne OLM Souissi, l\u2019Espace NAHDA, BOUREGREG, et la plage de SALE<\/h4>\n<p><\/p>","protected":false},"excerpt":{"rendered":"<p>*L\u2019acc\u00e8s est gratuit \u00e0 l\u2019exception d\u2019un espace r\u00e9serv\u00e9 devant la sc\u00e8ne aux d\u00e9tenteurs de billets et\/ou d\u2019une carte d\u2019acc\u00e8s pour la sc\u00e8ne OLM Souissi, l\u2019Espace NAHDA, BOUREGREG, et la plage de SALE<\/p>\n","protected":false},"author":1,"featured_media":0,"parent":104,"menu_order":0,"comment_status":"closed","ping_status":"closed","template":"billets.php","meta":{"_acf_changed":false,"footnotes":""},"class_list":["post-6961","page","type-page","status-publish","hentry"],"acf":[],"_links":{"self":[{"href":"https:\/\/mawazine.ma\/fr\/wp-json\/wp\/v2\/pages\/6961","targetHints":{"allow":["GET"]}}],"collection":[{"href":"https:\/\/mawazine.ma\/fr\/wp-json\/wp\/v2\/pages"}],"about":[{"href":"https:\/\/mawazine.ma\/fr\/wp-json\/wp\/v2\/types\/page"}],"author":[{"embeddable":true,"href":"https:\/\/mawazine.ma\/fr\/wp-json\/wp\/v2\/users\/1"}],"replies":[{"embeddable":true,"href":"https:\/\/mawazine.ma\/fr\/wp-json\/wp\/v2\/comments?post=6961"}],"version-history":[{"count":10,"href":"https:\/\/mawazine.ma\/fr\/wp-json\/wp\/v2\/pages\/6961\/revisions"}],"predecessor-version":[{"id":8895,"href":"https:\/\/mawazine.ma\/fr\/wp-json\/wp\/v2\/pages\/6961\/revisions\/8895"}],"up":[{"embeddable":true,"href":"https:\/\/mawazine.ma\/fr\/wp-json\/wp\/v2\/pages\/104"}],"wp:attachment":[{"href":"https:\/\/mawazine.ma\/fr\/wp-json\/wp\/v2\/media?parent=6961"}],"curies":[{"name":"wp","href":"https:\/\/api.w.org\/{rel}","templated":true}]}}