{"id":68,"date":"2017-01-22T11:55:42","date_gmt":"2017-01-22T10:55:42","guid":{"rendered":"http:\/\/localhost:8888\/sites\/mawazine\/\/?page_id=68"},"modified":"2024-02-14T17:17:14","modified_gmt":"2024-02-14T16:17:14","slug":"remerciements","status":"publish","type":"page","link":"https:\/\/mawazine.ma\/fr\/le-festival-mawazine\/remerciements\/","title":{"rendered":"Remerciements"},"content":{"rendered":"<p><\/p>\n<p>Avec plus de deux millions et demi de festivaliers chaque ann\u00e9e, Mawazine Rythmes du Monde est devenu un rendez-vous incontournable pour tous les amateurs et passionn\u00e9s de musique au Maroc. Sans cesse renouvel\u00e9 \u00e9dition apr\u00e8s \u00e9dition, ce succ\u00e8s est rendu possible gr\u00e2ce \u00e0 la fid\u00e9lit\u00e9 du public et \u00e0 la confiance des artistes, mais aussi au soutien des partenaires, au professionnalisme des entreprises qui participent \u00e0 l\u2019organisation de cet \u00e9v\u00e9nement et \u00e0 l\u2019engagement durable des \u00e9quipes de Maroc Cultures. Le comit\u00e9 d\u2019organisation adresse \u00e0 chacun de vifs remerciements, ainsi qu\u2019aux autorit\u00e9s qui r\u00e9alisent un travail exceptionnel pour garantir la s\u00e9curit\u00e9 de tous.<\/p>\n<h3>D\u00e9partements administratifs :<\/h3>\n<ul>\n<li>Le Minist\u00e8re de l\u2019Int\u00e9rieur<\/li>\n<li>Le Minist\u00e8re des Affaires \u00c9trang\u00e8res et de la Coop\u00e9ration, en particulier la Direction des Affaires Consulaires<\/li>\n<li>Le Minist\u00e8re de la Culture et de la Communication, notamment le Th\u00e9\u00e2tre National Mohammed V et le site historique du Chellah<\/li>\n<li>Le Minist\u00e8re du Tourisme<\/li>\n<li>L\u2019Agence pour l\u2019Am\u00e9nagement de la Vall\u00e9e du Bouregreg<\/li>\n<li>L\u2019Office National des A\u00e9roports<\/li>\n<li>La Direction G\u00e9n\u00e9rale des Douanes<\/li>\n<\/ul>\n<h3>Autorit\u00e9s r\u00e9gionales et locales :<\/h3>\n<ul>\n<li>La Wilaya de la R\u00e9gion de Rabat-Sal\u00e9-K\u00e9nitra<\/li>\n<li>Le Conseil Communal de la ville de Rabat<\/li>\n<li>Le Conseil Communal de la ville de Sal\u00e9<\/li>\n<li>Le Conseil de La R\u00e9gion de Rabat-Sal\u00e9-K\u00e9nitra<\/li>\n<li>Le Conseil Pr\u00e9fectoral de la ville de Rabat<\/li>\n<li>Le Conseil Pr\u00e9fectoral de la ville de Sal\u00e9<\/li>\n<li>Les Services Techniques de la Wilaya et des municipalit\u00e9s de Rabat et de Sal\u00e9<\/li>\n<li>Les Arrondissements des villes de Rabat et de Sal\u00e9<\/li>\n<\/ul>\n<h3>Services de S\u00e9curit\u00e9 :<\/h3>\n<ul>\n<li>La Direction G\u00e9n\u00e9rale de la S\u00fbret\u00e9 Nationale, en particulier la Pr\u00e9fecture de Police de Rabat-Sal\u00e9-T\u00e9mara-Khemisset<\/li>\n<li>La Direction G\u00e9n\u00e9rale de la Protection Civile, en particulier le Commandement R\u00e9gional de la Protection Civile \u00e0 Rabat<\/li>\n<li>La Gendarmerie Royale<\/li>\n<li>Les Forces Auxiliaires<\/li>\n<li>La Direction R\u00e9gionale de la Sant\u00e9 Publique de Rabat<\/li>\n<li>Les Services de Conservation du Site Historique du Chellah<\/li>\n<\/ul>\n<p><\/p>","protected":false},"excerpt":{"rendered":"<p>Avec plus de deux millions et demi de festivaliers chaque ann\u00e9e, Mawazine Rythmes du Monde est devenu un rendez-vous incontournable pour tous les amateurs et passionn\u00e9s de musique au Maroc. Sans cesse renouvel\u00e9 \u00e9dition apr\u00e8s \u00e9dition, ce succ\u00e8s est rendu possible gr\u00e2ce \u00e0 la fid\u00e9lit\u00e9 du public et \u00e0 la confiance des artistes, mais aussi [&hellip;]<\/p>\n","protected":false},"author":1,"featured_media":1504,"parent":60,"menu_order":0,"comment_status":"closed","ping_status":"closed","template":"","meta":{"_acf_changed":false,"footnotes":""},"class_list":["post-68","page","type-page","status-publish","has-post-thumbnail","hentry"],"acf":[],"_links":{"self":[{"href":"https:\/\/mawazine.ma\/fr\/wp-json\/wp\/v2\/pages\/68","targetHints":{"allow":["GET"]}}],"collection":[{"href":"https:\/\/mawazine.ma\/fr\/wp-json\/wp\/v2\/pages"}],"about":[{"href":"https:\/\/mawazine.ma\/fr\/wp-json\/wp\/v2\/types\/page"}],"author":[{"embeddable":true,"href":"https:\/\/mawazine.ma\/fr\/wp-json\/wp\/v2\/users\/1"}],"replies":[{"embeddable":true,"href":"https:\/\/mawazine.ma\/fr\/wp-json\/wp\/v2\/comments?post=68"}],"version-history":[{"count":11,"href":"https:\/\/mawazine.ma\/fr\/wp-json\/wp\/v2\/pages\/68\/revisions"}],"predecessor-version":[{"id":11485,"href":"https:\/\/mawazine.ma\/fr\/wp-json\/wp\/v2\/pages\/68\/revisions\/11485"}],"up":[{"embeddable":true,"href":"https:\/\/mawazine.ma\/fr\/wp-json\/wp\/v2\/pages\/60"}],"wp:featuredmedia":[{"embeddable":true,"href":"https:\/\/mawazine.ma\/fr\/wp-json\/wp\/v2\/media\/1504"}],"wp:attachment":[{"href":"https:\/\/mawazine.ma\/fr\/wp-json\/wp\/v2\/media?parent=68"}],"curies":[{"name":"wp","href":"https:\/\/api.w.org\/{rel}","templated":true}]}}