{"id":66,"date":"2017-01-22T11:55:30","date_gmt":"2017-01-22T10:55:30","guid":{"rendered":"http:\/\/localhost:8888\/sites\/mawazine\/\/?page_id=66"},"modified":"2024-04-26T17:55:33","modified_gmt":"2024-04-26T15:55:33","slug":"missions-et-valeurs","status":"publish","type":"page","link":"https:\/\/mawazine.ma\/fr\/maroc-cultures\/missions-et-valeurs\/","title":{"rendered":"Missions &#038; valeurs"},"content":{"rendered":"<p><\/p>\n<h3>Partage et Echange<\/h3>\n<p>Encourager les \u00e9changes entre les artistes et le public et entre artistes.<\/p>\n<h3>Tol\u00e9rance et Ouverture<\/h3>\n<p>Garantir une large repr\u00e9sentativit\u00e9 des diff\u00e9rentes cultures.<\/p>\n<h3>Diversit\u00e9 des styles et des arts<\/h3>\n<p>S&rsquo;ouvrir le plus largement possible \u00e0 toutes les expressions artistiques<\/p>\n<h3>Traditions et Modernit\u00e9<\/h3>\n<p>Allier les arts traditionnels aux expressions les plus modernes.<\/p>\n<h3>Qualit\u00e9 et Authenticit\u00e9<\/h3>\n<p>Pr\u00e9server les patrimoines culturels.<\/p>\n<h3>Accessibilit\u00e9<\/h3>\n<p>Permettre \u00e0 tout un chacun de pouvoir acc\u00e9der gratuitement \u00e0 90% des spectacles.<\/p>\n<p><\/p>","protected":false},"excerpt":{"rendered":"<p>Partage et Echange Encourager les \u00e9changes entre les artistes et le public et entre artistes. Tol\u00e9rance et Ouverture Garantir une large repr\u00e9sentativit\u00e9 des diff\u00e9rentes cultures. Diversit\u00e9 des styles et des arts S&rsquo;ouvrir le plus largement possible \u00e0 toutes les expressions artistiques Traditions et Modernit\u00e9 Allier les arts traditionnels aux expressions les plus modernes. Qualit\u00e9 et [&hellip;]<\/p>\n","protected":false},"author":1,"featured_media":1504,"parent":11531,"menu_order":0,"comment_status":"closed","ping_status":"closed","template":"philosofy.php","meta":{"_acf_changed":false,"footnotes":""},"class_list":["post-66","page","type-page","status-publish","has-post-thumbnail","hentry"],"acf":[],"_links":{"self":[{"href":"https:\/\/mawazine.ma\/fr\/wp-json\/wp\/v2\/pages\/66","targetHints":{"allow":["GET"]}}],"collection":[{"href":"https:\/\/mawazine.ma\/fr\/wp-json\/wp\/v2\/pages"}],"about":[{"href":"https:\/\/mawazine.ma\/fr\/wp-json\/wp\/v2\/types\/page"}],"author":[{"embeddable":true,"href":"https:\/\/mawazine.ma\/fr\/wp-json\/wp\/v2\/users\/1"}],"replies":[{"embeddable":true,"href":"https:\/\/mawazine.ma\/fr\/wp-json\/wp\/v2\/comments?post=66"}],"version-history":[{"count":10,"href":"https:\/\/mawazine.ma\/fr\/wp-json\/wp\/v2\/pages\/66\/revisions"}],"predecessor-version":[{"id":11644,"href":"https:\/\/mawazine.ma\/fr\/wp-json\/wp\/v2\/pages\/66\/revisions\/11644"}],"up":[{"embeddable":true,"href":"https:\/\/mawazine.ma\/fr\/wp-json\/wp\/v2\/pages\/11531"}],"wp:featuredmedia":[{"embeddable":true,"href":"https:\/\/mawazine.ma\/fr\/wp-json\/wp\/v2\/media\/1504"}],"wp:attachment":[{"href":"https:\/\/mawazine.ma\/fr\/wp-json\/wp\/v2\/media?parent=66"}],"curies":[{"name":"wp","href":"https:\/\/api.w.org\/{rel}","templated":true}]}}