{"id":62,"date":"2017-01-22T11:55:03","date_gmt":"2017-01-22T10:55:03","guid":{"rendered":"http:\/\/localhost:8888\/sites\/mawazine\/\/?page_id=62"},"modified":"2024-02-20T16:56:30","modified_gmt":"2024-02-20T15:56:30","slug":"discours-royal","status":"publish","type":"page","link":"https:\/\/mawazine.ma\/fr\/maroc-cultures\/discours-royal\/","title":{"rendered":"DISCOURS ROYAL"},"content":{"rendered":"<p><\/p>\n<h3>Extrait d&rsquo;un message de Sa Majest\u00e9 Le Roi Mohammed VI aux participants de la 27e \u00e9dition du Forum Culturel International d&rsquo;Asilah. [5 ao\u00fbt 2005]<\/h3>\n<p>Le Maroc s&rsquo;enorgueillit de la vocation qui est la sienne, celle d&rsquo;une terre de dialogue interculturel, d&rsquo;interaction civilisationnelle, et d&rsquo;affirmation des valeurs et des id\u00e9aux universels. Nombreuses sont les instances nationales qui contribuent \u00e0 faire de cette vocation une r\u00e9alit\u00e9 tangible.<\/p>\n<p>Extrait d&rsquo;un message de Sa Majest\u00e9 Le Roi Mohammed VI aux participants du colloque sur \u00ab\u00a0L&rsquo;Alliance des Civilisations\u00a0\u00bb. [3 ao\u00fbt 2008]<\/p>\n<p>[\u2026] Les civilisations humaines forment les maillons d&rsquo;une cha\u00eene qui sont reli\u00e9s entre eux et compl\u00e9mentaires les uns des autres. Voil\u00e0 pourquoi elles resteront le patrimoine de l&rsquo;humanit\u00e9 tout enti\u00e8re, et qu&rsquo;il n&rsquo;appartient \u00e0 aucune nation, ni \u00e0 aucun peuple, quel que soit son apport, d&rsquo;en revendiquer le monopole ou la tutelle, ou encore moins d&rsquo;afficher une quelconque condescendance \u00e0 l&rsquo;\u00e9gard des autres.<\/p>\n<p>Extrait d&rsquo;un message de Sa Majest\u00e9 Le Roi Mohammed VI aux participants du 33e Festival Culturel International d&rsquo;Asilah. [2 juillet 2011]<\/p>\n<p>Mais un d\u00e9fi persiste et nous interpelle tous, dans les pays du Nord, comme dans ceux du Sud. Il s&rsquo;agit de savoir dans quelle mesure nous sommes capables de faire n\u00f4tre cette tendance \u00e0 l&rsquo;universel, tout en veillant au respect du pluralisme culturel, des vertus du dialogue et d&rsquo;estime mutuelle, et du droit \u00e0 la diff\u00e9rence et \u00e0 la diversit\u00e9.<\/p>\n<p>Extrait d&rsquo;un message de Sa Majest\u00e9 Le Roi Mohammed VI aux participants \u00e0 la conf\u00e9rence internationale sur le renforcement du dialogue des civilisations et le respect de la diversit\u00e9 culturelle. [30 septembre 2013]<\/p>\n<p>Nous avons l&rsquo;intime conviction que le renforcement du dialogue des cultures et des civilisations et le respect de la diversit\u00e9 culturelle ne sauraient acc\u00e9der au rang de r\u00e9alit\u00e9 internationale concr\u00e8te sans un ancrage national, permettant l&rsquo;appropriation par chaque citoyen de leurs nobles objectifs.<\/p>\n<p><\/p>","protected":false},"excerpt":{"rendered":"<p>Extrait d&rsquo;un message de Sa Majest\u00e9 Le Roi Mohammed VI aux participants de la 27e \u00e9dition du Forum Culturel International d&rsquo;Asilah. [5 ao\u00fbt 2005] Le Maroc s&rsquo;enorgueillit de la vocation qui est la sienne, celle d&rsquo;une terre de dialogue interculturel, d&rsquo;interaction civilisationnelle, et d&rsquo;affirmation des valeurs et des id\u00e9aux universels. Nombreuses sont les instances nationales [&hellip;]<\/p>\n","protected":false},"author":1,"featured_media":11368,"parent":11531,"menu_order":0,"comment_status":"closed","ping_status":"closed","template":"discours.php","meta":{"_acf_changed":false,"footnotes":""},"class_list":["post-62","page","type-page","status-publish","has-post-thumbnail","hentry"],"acf":[],"_links":{"self":[{"href":"https:\/\/mawazine.ma\/fr\/wp-json\/wp\/v2\/pages\/62","targetHints":{"allow":["GET"]}}],"collection":[{"href":"https:\/\/mawazine.ma\/fr\/wp-json\/wp\/v2\/pages"}],"about":[{"href":"https:\/\/mawazine.ma\/fr\/wp-json\/wp\/v2\/types\/page"}],"author":[{"embeddable":true,"href":"https:\/\/mawazine.ma\/fr\/wp-json\/wp\/v2\/users\/1"}],"replies":[{"embeddable":true,"href":"https:\/\/mawazine.ma\/fr\/wp-json\/wp\/v2\/comments?post=62"}],"version-history":[{"count":7,"href":"https:\/\/mawazine.ma\/fr\/wp-json\/wp\/v2\/pages\/62\/revisions"}],"predecessor-version":[{"id":11517,"href":"https:\/\/mawazine.ma\/fr\/wp-json\/wp\/v2\/pages\/62\/revisions\/11517"}],"up":[{"embeddable":true,"href":"https:\/\/mawazine.ma\/fr\/wp-json\/wp\/v2\/pages\/11531"}],"wp:featuredmedia":[{"embeddable":true,"href":"https:\/\/mawazine.ma\/fr\/wp-json\/wp\/v2\/media\/11368"}],"wp:attachment":[{"href":"https:\/\/mawazine.ma\/fr\/wp-json\/wp\/v2\/media?parent=62"}],"curies":[{"name":"wp","href":"https:\/\/api.w.org\/{rel}","templated":true}]}}