{"id":56,"date":"2017-01-22T11:52:42","date_gmt":"2017-01-22T10:52:42","guid":{"rendered":"http:\/\/localhost:8888\/sites\/mawazine\/\/?page_id=56"},"modified":"2024-02-17T23:02:43","modified_gmt":"2024-02-17T22:02:43","slug":"18-ans-de-partenariats","status":"publish","type":"page","link":"https:\/\/mawazine.ma\/fr\/le-festival-mawazine\/18-ans-de-partenariats\/","title":{"rendered":"18 ans de partenariats"},"content":{"rendered":"<p><\/p>\n<h3>UNE \u00c9TROITE COLLABORATION AVEC LES PRESTATAIRES MAROCAINS<\/h3>\n<p>Mawazine est un acteur \u00e9conomique de premier plan qui contribue largement \u00e0 l&rsquo;activit\u00e9 des entreprises marocaines. Depuis sa cr\u00e9ation, le festival a d\u00e9velopp\u00e9 une fili\u00e8re de professions li\u00e9e \u00e0 l&rsquo;activit\u00e9 des festivals en privil\u00e9giant une collaboration rapproch\u00e9e avec des prestataires locaux et en embauchant des personnes exp\u00e9riment\u00e9es dans leur domaine.<\/p>\n<p>La liste des m\u00e9tiers concern\u00e9s est longue : r\u00e9gisseurs, ing\u00e9nieurs, techniciens son et lumi\u00e8re, techniciens en charge du montage des installations sc\u00e9niques, directeurs techniques, charg\u00e9s de communication, administratifs, gestionnaires, agents de s\u00e9curit\u00e9, cuisiniers, imprimeurs, etc.<\/p>\n<p>Aujourd&rsquo;hui, Mawazine travaille avec plus de 125 entreprises partenaires, n\u00e9gociant des contrats sur trois ans avec des prestataires clefs. R\u00e9sultat : les entreprises locales ont pu s&rsquo;\u00e9quiper et former leurs \u00e9quipes pour r\u00e9pondre aux besoins des plus grandes productions internationales.<\/p>\n<h3>UN POIDS IMPORTANT DANS LE TOURISME<\/h3>\n<p>L\u2019impact de Mawazine ne se limite pas \u00e0 l&rsquo;industrie du spectacle. Commerces, artisans, transports, restauration, h\u00f4tellerie, etc. Au total, 3 000 emplois directs et indirects b\u00e9n\u00e9ficient du festival. Chaque ann\u00e9e, Mawazine a g\u00e9n\u00e9re 22 % de croissance du chiffre d&rsquo;affaires touristique de Rabat.<\/p>\n<h3>TROIS SECTEURS B\u00c9N\u00c9FICIAIRES<\/h3>\n<p>Trois secteurs b\u00e9n\u00e9ficient de l&rsquo;effet Mawazine via une croissance significative de leurs chiffres d&rsquo;affaires. Le commerce de d\u00e9tail, la restauration et le secteur du transport voient leurs chiffres d&rsquo;affaires cro\u00eetre en moyenne de 30% pendant le festival. Pour ces commerces de proximit\u00e9, le festival est une source importante d&rsquo;activit\u00e9.<\/p>\n<h3>L&rsquo;H\u00d4TELLERIE FAIT LE PLEIN<\/h3>\n<p>Durant le festival, les h\u00f4tels connaissent une croissance moyenne de leurs chiffres d&rsquo;affaires de + 22 %. Le taux d&rsquo;occupation des h\u00f4tels se d\u00e9compose ainsi :<\/p>\n<ul>\n<li><strong>100 %<\/strong> pour les 4 et 5 \u00e9toiles.<\/li>\n<li><strong>63 %<\/strong> pour les autres cat\u00e9gories h\u00f4tels.<\/li>\n<\/ul>\n<p>C&rsquo;est deux \u00e0 quatre fois plus qu&rsquo;en p\u00e9riode normale.<\/p>\n<h3>L&rsquo;IMPACT SUR L&rsquo;IMAGE DU MAROC<\/h3>\n<h5>L&rsquo;attrait des stars internationales<\/h5>\n<p>Shakira, Quincy Jones, Maroon 5, Justin Timberlake, Stevie Wonder, Carlos Santana, French Montana, Wiz Khalifa, Martin Garrix, Bruno Mars, etc. La liste des c\u00e9l\u00e9brit\u00e9s ayant particip\u00e9 \u00e0 Mawazine est bien longue\u00a0! La pr\u00e9sence d\u2019une diversit\u00e9 d\u2019artistes de renom t\u00e9moigne de l\u2019attractivit\u00e9 du Festival \u00e0 l\u2019international, ce qui offre une formidable caisse de r\u00e9sonnance pour l\u2019image du Maroc. <br \/>\nDe plus, la pr\u00e9sence de telles t\u00eates d\u2019affiche permet de susciter l\u2019int\u00e9r\u00eat de la presse internationale, qui vient \u00eatre appuy\u00e9e par l\u2019action des artistes eux-m\u00eames qui m\u00e8nent des campagnes de communication valorisant l\u2019image de l\u2019\u00e9v\u00e8nement et du pays h\u00f4te. <br \/>\nEn m\u00e9diatisant leur participation \u00e0 Mawazine, les grands noms de la musique sont r\u00e9guli\u00e8rement amen\u00e9s \u00e0 \u00e9voquer le Maroc sur leurs r\u00e9seaux sociaux, leurs sites web ou encore leurs \u00ab\u00a0fan pages\u00a0\u00bb. En se positionnant comme de r\u00e9els ambassadeurs, ces artistes offrent ainsi un relais inestimable pour faire rayonner l\u2019image du Royaume \u00e0 l\u2019\u00e9tranger.<\/p>\n<h5>La promotion des artistes marocains<\/h5>\n<p>Faire rayonner le Maroc, c&rsquo;est aussi mettre en avant les artistes marocains. Mawazine est une plateforme importante pour des centaines d&rsquo;artistes qui ont peu d&rsquo;occasion d&rsquo;exprimer leur talent et qui gr\u00e2ce \u00e0 un festival aussi prestigieux, rayonnent dans le monde entier. Avec plus de la moiti\u00e9 de sa programmation consacr\u00e9e aux chanteurs et musiciens du royaume, Mawazine est le seul festival du pays \u00e0 accorder une place aussi large aux meilleurs repr\u00e9sentants de la musique marocaine : des stars, comme RedOne, Latifa Raefat ou Nass El Ghiwane, mais aussi des talents faisant partie de cette nouvelle sc\u00e8ne marocaine connaissant une notori\u00e9t\u00e9 sans pr\u00e9c\u00e9dents tels que\u00a0: Zouheir Bahaoui, Aminux, Cravata ou encore Muslim.<\/p>\n<h5>Des cr\u00e9ations qui rassemblent artistes marocains et stars mondiales<\/h5>\n<p>Nombre d\u2019artistes internationaux ont particip\u00e9 ces derni\u00e8res ann\u00e9es \u00e0 des cr\u00e9ations embl\u00e9matiques. En 2009, l\u2019Italien Ennio Morricone a travaill\u00e9 avec une chorale marocaine\u00a0; En 2011, le ma\u00eetre incontest\u00e9 de la guitare \u00e9lectrique Carlos Santana a cr\u00e9\u00e9 l\u2019\u00e9v\u00e8nement en invitant sur la sc\u00e8ne de l\u2019OLM son homologue gnawi M\u00e2alem Bakbou. La m\u00eame ann\u00e9e, \u00e0 l\u2019occasion des 10 ans de Mawazine, l\u2019am\u00e9ricain Quincy Jones a cor\u00e9alis\u00e9 la reprise en arabe de son tube \u00ab\u00a0Tomorow\u00a0\u00bb avec le producteur marocain RedOne, chanson d\u00e9di\u00e9e \u00e0 l\u2019enfance, \u00e0 l\u2019espoir et \u00e0 la paix. Doubl\u00e9e d\u2019un clip rassemblant artistes arabes et am\u00e9ricains, cette cr\u00e9ation a \u00e9t\u00e9 con\u00e7ue dans le m\u00eame esprit que la remarquable chanson caritative \u00ab\u00a0We are the world\u00a0\u00bb. Les recettes de cette action ont \u00e9t\u00e9 int\u00e9gralement revers\u00e9es \u00e0 des associations de protection de l\u2019enfance, marocaines et arabes. Sans compter l\u2019ensemble des collaborations qu\u2019a connu l\u2019Orchestre Symphonique Royal avec des artistes embl\u00e9matiques tels que Roger Hodgson, Sting, Nigel Kennedy, Georges Benson, Kadim Al Sahir, etc. Sans oublier bien entendu les cr\u00e9ations ayant vu le jour sur les planches du site historique du Chellah tels que\u00a0:<\/p>\n<ul>\n<li>\u00ab\u00a0Le chant des fleuves\u00a0\u00bb en 2014,<\/li>\n<li>\u00ab\u00a0Une Musique dans Chaque Port\u00a0\u00bb en 2015,<\/li>\n<li>\u00ab\u00a0Chants mystiques du monde\u00a0\u00bb en 2016,<\/li>\n<li>\u00ab\u00a0D\u2019\u00eele en \u00eele \u00bb en 2017<\/li>\n<li>\u00ab De tar, sitar, \u00e0 guitare \u00bb en 2018.<\/li>\n<\/ul>\n<h5>La diffusion des valeurs du royaume<\/h5>\n<p>Mawazine a aussi pour vocation de porter le mod\u00e8le culturel marocain \u00e0 l\u2019\u00e9tranger, tout en \u0153uvrant \u00e0 la diffusion des valeurs que porte le Royaume\u00a0: la tol\u00e9rance, l\u2019ouverture, le partage, l\u2019\u00e9change et la diversit\u00e9. C\u2019est pourquoi le Festival offre depuis toujours une programmation qui appr\u00e9hende toutes les cultures du Monde.<\/p>\n<h3>RECONNAISSANCE \u00c0 L&rsquo;INTERNATIONALE<\/h3>\n<p>Dix-huit ans apr\u00e8s sa cr\u00e9ation en 2001, Mawazine \u2013 Rythmes du Monde, a acquis un statut \u00e0 part enti\u00e8re\u00a0: celui d\u2019un festival marocain dont la fr\u00e9quentation et l\u2019audience rivalisent avec les plus grandes manifestations culturelles mondiales. Pour preuve, plus de 600 journalistes nationaux, 160 internationaux et pr\u00e8s de 220 supports de presse, dont 31 t\u00e9l\u00e9visions, re\u00e7oivent des accr\u00e9ditations pour chaque ann\u00e9e.<\/p>\n<p>Cette r\u00e9ussite, unique pour un \u00e9v\u00e8nement africain, Mawazine \u2013 Rythmes du Monde la doit \u00e0 sa programmation \u00e9clectique et de tr\u00e8s grande qualit\u00e9, qui permet aux publics de d\u00e9couvrir sur sc\u00e8ne des stars internationales aussi bien que des figures de la musique marocaine, arabe et africaine.<\/p>\n<p>Avec plus de 1300 artistes et environ 120 spectacles r\u00e9partis sur 6 sites, le Festival accueille tous les ans des artistes de renom tels que\u00a0: Jennifer Lopez, Alicia Keys, Elton John, Justin Timberlake, Luis Fonsi, Rihanna, Lenny Kravitz, Scorpions, Sting, Stevie Wonder, Shakira, Whitney Houston, Avicii, Charles Aznavour, Deep Purple ou encore Enrique Iglesias, mais aussi Kadim Al Sahir, Khaled, Nancy Ajram, Warda Al Jazayria, Aamr Diab, Majida El Roumi, Souad Massi, Tamer Hosny, Sherine, Cheb Mami et Najwa Karam.<\/p>\n<p>Cette dimension r\u00e9solument internationale se double d\u2019une reconnaissance critique et publique, qui font de Mawazine \u2013 Rythmes du Monde un festival tr\u00e8s appr\u00e9ci\u00e9 des m\u00e9lomanes et amateurs, toutes g\u00e9n\u00e9rations confondues. Une attention particuli\u00e8re est port\u00e9e \u00e0 la diversit\u00e9 des artistes et des genres, la programmation mixant c\u00e9l\u00e9brit\u00e9s et artistes \u00e0 la renomm\u00e9e plus confidentielle mais au talent \u00e9quivalent. Chaque ann\u00e9e, le public de Mawazine \u2013 Rythmes du Monde a ainsi l\u2019occasion de d\u00e9couvrir de grands interpr\u00e8tes de musiques traditionnelles, tels que Selamnesh &amp; Badume\u2019s Azmari Band, L\u2019Ensemble Shanbehzadeh, Ali Azam &amp; Niyaz, Sepideh Raissadat, Sabry Mosbah, Lole Montoya, Alexey Arkhipovskiy, Kayhan Kalhor &amp; Erdal Erzincan, Goran Bregovic, Taraf de Ha\u00efdouks ou encore Patrizia Laquidara.<\/p>\n<p>Fier de son identit\u00e9 africaine, le Festival est aussi une formidable caisse de r\u00e9sonnance pour toutes les sonorit\u00e9s de son continent. Du Cameroun \u00e0 l\u2019Afrique du Sud, en passant par les Antilles et les Cara\u00efbes, o\u00f9 l\u2019influence africaine est tr\u00e8s pr\u00e9sente, le Festival re\u00e7oit \u00e0 la fois de grandes l\u00e9gendes telles que Manu Dibango, Jimmy Cliff, Cesaria Evora ou encore Hugh Masekela, mais aussi des chanteurs confirm\u00e9s comme Angelique Kidjo, Cheikh Lo, Mory Kant\u00e9, Salif Keita, Sidiki Diabat\u00e9, Youssou N\u2019dour, ou encore des formations plus r\u00e9centes comme Freshly Ground et Magic System.<\/p>\n<p>Avec autant de talents r\u00e9unis en un seul lieu, le Festival Mawazine \u00a0Rythmes du Monde est, \u00e0 l\u2019image du pays qui l\u2019accueil, un carrefour de rencontres exceptionnelles. En effet, de nombreux m\u00e9tissages ont pu voir le jour gr\u00e2ce entre autres aux duos entre le luthiste marocain Sa\u00e2d Chra\u00efbi et le jazzman am\u00e9ricain Al Di Meola, mais aussi Don Big et Omar Sosa, Lui Fang et Driss El Maaloumi, Fortunat Fr\u00f6lich et la Chorale Marocaine, ou encore le chanteur Sting avec l\u2019Orchestre Symphonique Royal. Cette fusion des genres et des personnalit\u00e9s se retrouve dans une programmation qui met \u00e9galement \u00e0 l\u2019honneur les grands noms du jazz, musique m\u00e9tiss\u00e9e par excellence, parmi lesquels on retrouve George Benson, Dee Dee Bridgewater, Harry Connick Jr et plus r\u00e9cemment Ibrahim Maalouf.<\/p>\n<p>Enfin, plus que tout autre festival au Maroc, Mawazine \u2013 Rythmes du Monde permet \u00e0 la musique marocaine de b\u00e9n\u00e9ficier d\u2019une visibilit\u00e9 unique \u00e0 l\u2019international, en mettant en avant les meilleurs talents, toutes g\u00e9n\u00e9rations confondues, du Royaume\u00a0: Nass El Ghiwane, Abdelouahab Doukkali, Jil Jilala, Zouheir Bahaoui, Youssef Guelzim, Masta Flow, Muslim, Ribab Fusion, Cravata ou encore Tiiw Tiiw.<\/p>\n<p><\/p>","protected":false},"excerpt":{"rendered":"<p>UNE \u00c9TROITE COLLABORATION AVEC LES PRESTATAIRES MAROCAINS Mawazine est un acteur \u00e9conomique de premier plan qui contribue largement \u00e0 l&rsquo;activit\u00e9 des entreprises marocaines. Depuis sa cr\u00e9ation, le festival a d\u00e9velopp\u00e9 une fili\u00e8re de professions li\u00e9e \u00e0 l&rsquo;activit\u00e9 des festivals en privil\u00e9giant une collaboration rapproch\u00e9e avec des prestataires locaux et en embauchant des personnes exp\u00e9riment\u00e9es dans [&hellip;]<\/p>\n","protected":false},"author":1,"featured_media":22,"parent":60,"menu_order":0,"comment_status":"closed","ping_status":"closed","template":"","meta":{"_acf_changed":false,"footnotes":""},"class_list":["post-56","page","type-page","status-publish","has-post-thumbnail","hentry"],"acf":[],"_links":{"self":[{"href":"https:\/\/mawazine.ma\/fr\/wp-json\/wp\/v2\/pages\/56","targetHints":{"allow":["GET"]}}],"collection":[{"href":"https:\/\/mawazine.ma\/fr\/wp-json\/wp\/v2\/pages"}],"about":[{"href":"https:\/\/mawazine.ma\/fr\/wp-json\/wp\/v2\/types\/page"}],"author":[{"embeddable":true,"href":"https:\/\/mawazine.ma\/fr\/wp-json\/wp\/v2\/users\/1"}],"replies":[{"embeddable":true,"href":"https:\/\/mawazine.ma\/fr\/wp-json\/wp\/v2\/comments?post=56"}],"version-history":[{"count":15,"href":"https:\/\/mawazine.ma\/fr\/wp-json\/wp\/v2\/pages\/56\/revisions"}],"predecessor-version":[{"id":11515,"href":"https:\/\/mawazine.ma\/fr\/wp-json\/wp\/v2\/pages\/56\/revisions\/11515"}],"up":[{"embeddable":true,"href":"https:\/\/mawazine.ma\/fr\/wp-json\/wp\/v2\/pages\/60"}],"wp:featuredmedia":[{"embeddable":true,"href":"https:\/\/mawazine.ma\/fr\/wp-json\/wp\/v2\/media\/22"}],"wp:attachment":[{"href":"https:\/\/mawazine.ma\/fr\/wp-json\/wp\/v2\/media?parent=56"}],"curies":[{"name":"wp","href":"https:\/\/api.w.org\/{rel}","templated":true}]}}