{"id":54,"date":"2017-01-22T11:52:28","date_gmt":"2017-01-22T10:52:28","guid":{"rendered":"http:\/\/localhost:8888\/sites\/mawazine\/\/?page_id=54"},"modified":"2024-02-14T12:15:17","modified_gmt":"2024-02-14T11:15:17","slug":"18-ans-de-croissance","status":"publish","type":"page","link":"https:\/\/mawazine.ma\/fr\/le-festival-mawazine\/18-ans-de-croissance\/","title":{"rendered":"18 ans de croissance"},"content":{"rendered":"<p><\/p>\n<h3>UNE INITIATIVE PRIV\u00c9E POUR D\u00c9VELOPPER LA CULTURE<\/h3>\n<p>Pilot\u00e9 par Maroc Cultures, une association \u00e0 but non lucratif, Mawazine Rythmes du Monde est un acteur cl\u00e9 de l&rsquo;offre culturelle au Maroc. Chaque ann\u00e9e, il permet \u00e0 des millions de personnes d&rsquo;assister \u00e0 des spectacles, de suivre des ateliers de formation ou de vivre des cr\u00e9ations in\u00e9dites. En se fondant sur l&rsquo;accessibilit\u00e9 \u00e0 tous, en conciliant qualit\u00e9 et popularit\u00e9 des concerts, Mawazine est devenu un festival \u00e0 forte dimension citoyenne qui offre une v\u00e9ritable alternative dans un pays o\u00f9 l&rsquo;industrie musicale est inexistante, o\u00f9 le march\u00e9 souffre du piratage et o\u00f9 les budgets du minist\u00e8re de la Culture sont limit\u00e9s.<\/p>\n<p>De fait, Mawazine est aujourd&rsquo;hui l&rsquo;un des seuls festivals au monde \u00e0 ne percevoir aucun argent public. Ce r\u00e9sultat est le fruit d&rsquo;une longue \u00e9volution qui a permis \u00e0 Mawazine d&rsquo;\u00eatre un festival presque enti\u00e8rement autonome. Pour palier aux insuffisances de la sc\u00e8ne culturelle marocaine, Mawazine a en effet d\u00e9velopp\u00e9 un mod\u00e8le \u00e9conomique qui tend \u00e0 diminuer le r\u00f4le du sponsoring et \u00e0 \u00e9liminer toute aide publique.<\/p>\n<h3>UN FESTIVAL MOINS D\u00c9PENDANT DES SPONSORS<\/h3>\n<p>Les revenus variables (billetterie, pass, espaces publicitaires, etc.) repr\u00e9sentent d\u00e9sormais 68 % du budget total de Mawazine qui, du m\u00eame coup, a consid\u00e9rablement r\u00e9duit sa d\u00e9pendance aux sponsors priv\u00e9s. En 2012, Mawazine a franchi un nouveau pas en suspendant l&rsquo;ensemble des sponsors publics et semi-publics qui soutenaient jusqu&rsquo;alors le festival.<\/p>\n<p><span style=\"font-weight: 400;\">En 2019, le mod\u00e8le \u00e9conomique de Mawazine s\u2019est appuy\u00e9 sur un budget qui provient \u00e0<\/span> :<\/p>\n<ul>\n<li><strong>32 %<\/strong> des sponsors priv\u00e9s.<\/li>\n<li><strong>68 %<\/strong> des revenus variables.<\/li>\n<\/ul>\n<p>Cette r\u00e9ussite est le fruit d&rsquo;une \u00e9volution qui a d\u00e9marr\u00e9 d\u00e8s 2008, ann\u00e9e o\u00f9 le festival a r\u00e9duit la part de son budget aliment\u00e9 par les subventions publiques. Ces derni\u00e8res sont ainsi pass\u00e9es de 6 % \u00e0 0 % du budget total de Mawazine. Par voie de cons\u00e9quence, l&rsquo;augmentation des revenus variables a permis la gratuite du festival pour la quasi majorit\u00e9 des festivaliers. Aujourd&rsquo;hui, plus que jamais, Mawazine est un festival citoyen dont l&rsquo;ind\u00e9pendance \u00e9conomique est assur\u00e9e gr\u00e2ce aux succ\u00e8s que rencontre chacune de ses \u00e9ditions.<\/p>\n<h3>DES MOD\u00c8LES \u00c9CONOMIQUES EN \u00c9VOLUTION CONSTANTE<\/h3>\n<h5>2001 \u2013 2005 FINANCEMENT MAJORITAIREMENT PUBLIC<\/h5>\n<p>60 % de subventions publiques et 40 % de sponsors publics, semi-publics et priv\u00e9s<\/p>\n<h5>2006 \u2013 2007 APPARITION DE LA BILLETTERIE<\/h5>\n<p>5 % de billetterie, 57 % de subventions publiques et 38 % de sponsors publics, semi-publics et priv\u00e9s<\/p>\n<h5>2008 \u2013 2010 BAISSE DES SUBVENTIONS PUBLIQUES<\/h5>\n<p>6 % de subventions publiques, 34 % de sponsors publics, semi-publics et priv\u00e9s et 60 % de revenus variables<\/p>\n<h5>A PARTIR DE 2011 FIN DES SUBVENTIONS PUBLIQUES<\/h5>\n<p>32 % de sponsors priv\u00e9s et 68 % de revenus variables<\/p>\n<p><\/p>","protected":false},"excerpt":{"rendered":"<p>UNE INITIATIVE PRIV\u00c9E POUR D\u00c9VELOPPER LA CULTURE Pilot\u00e9 par Maroc Cultures, une association \u00e0 but non lucratif, Mawazine Rythmes du Monde est un acteur cl\u00e9 de l&rsquo;offre culturelle au Maroc. Chaque ann\u00e9e, il permet \u00e0 des millions de personnes d&rsquo;assister \u00e0 des spectacles, de suivre des ateliers de formation ou de vivre des cr\u00e9ations in\u00e9dites. [&hellip;]<\/p>\n","protected":false},"author":1,"featured_media":22,"parent":60,"menu_order":0,"comment_status":"closed","ping_status":"closed","template":"","meta":{"_acf_changed":false,"footnotes":""},"class_list":["post-54","page","type-page","status-publish","has-post-thumbnail","hentry"],"acf":[],"_links":{"self":[{"href":"https:\/\/mawazine.ma\/fr\/wp-json\/wp\/v2\/pages\/54","targetHints":{"allow":["GET"]}}],"collection":[{"href":"https:\/\/mawazine.ma\/fr\/wp-json\/wp\/v2\/pages"}],"about":[{"href":"https:\/\/mawazine.ma\/fr\/wp-json\/wp\/v2\/types\/page"}],"author":[{"embeddable":true,"href":"https:\/\/mawazine.ma\/fr\/wp-json\/wp\/v2\/users\/1"}],"replies":[{"embeddable":true,"href":"https:\/\/mawazine.ma\/fr\/wp-json\/wp\/v2\/comments?post=54"}],"version-history":[{"count":7,"href":"https:\/\/mawazine.ma\/fr\/wp-json\/wp\/v2\/pages\/54\/revisions"}],"predecessor-version":[{"id":11479,"href":"https:\/\/mawazine.ma\/fr\/wp-json\/wp\/v2\/pages\/54\/revisions\/11479"}],"up":[{"embeddable":true,"href":"https:\/\/mawazine.ma\/fr\/wp-json\/wp\/v2\/pages\/60"}],"wp:featuredmedia":[{"embeddable":true,"href":"https:\/\/mawazine.ma\/fr\/wp-json\/wp\/v2\/media\/22"}],"wp:attachment":[{"href":"https:\/\/mawazine.ma\/fr\/wp-json\/wp\/v2\/media?parent=54"}],"curies":[{"name":"wp","href":"https:\/\/api.w.org\/{rel}","templated":true}]}}