{"id":44,"date":"2017-01-22T11:49:30","date_gmt":"2017-01-22T10:49:30","guid":{"rendered":"http:\/\/localhost:8888\/sites\/mawazine\/\/?page_id=44"},"modified":"2024-02-20T17:24:14","modified_gmt":"2024-02-20T16:24:14","slug":"presentation-du-festival","status":"publish","type":"page","link":"https:\/\/mawazine.ma\/fr\/le-festival-mawazine\/presentation-du-festival\/","title":{"rendered":"Pr\u00e9sentation du festival"},"content":{"rendered":"<p><\/p>\n<p>Cr\u00e9\u00e9 en 2001 sous le Haut Patronage de Sa Majest\u00e9 le Roi Mohammed VI et organis\u00e9 par l\u2019association Maroc Cultures, Mawazine est le rendez-vous incontournable des amateurs et passionn\u00e9s de musique avec, ces derni\u00e8res ann\u00e9es, plus de deux millions et demi de spectateurs en moyenne.<\/p>\n<p>Moment privil\u00e9gi\u00e9 de d\u00e9couverte et de partage, le festival r\u00e9unit chaque ann\u00e9e \u00e0 Rabat et Sal\u00e9 les grands noms de la musique arabe, africaine et internationale et les meilleurs artistes de la sc\u00e8ne marocaine. \u00c0 ce titre, Mawazine repr\u00e9sente un tremplin majeur pour les musiciens et chanteurs du Maroc, notamment les jeunes g\u00e9n\u00e9rations.<\/p>\n<p>En tant qu\u2019\u00e9v\u00e9nement culturel de premier plan, le festival promeut les valeurs du Royaume et porte un message de tol\u00e9rance, d\u2019ouverture, de respect et de dialogue. Il s\u2019inscrit \u00e9galement dans une logique de soutien au tissu \u00e9conomique local en favorisant le travail des professionnels du tourisme et le d\u00e9veloppement d\u2019une industrie nationale de la musique et du spectacle.<\/p>\n<p>Fid\u00e8le \u00e0 sa vocation fondatrice, Mawazine apporte en outre une contribution majeure \u00e0 la d\u00e9mocratisation de la culture au Maroc en proposant, chaque ann\u00e9e, un acc\u00e8s gratuit \u00e0 90% des spectacles et concerts. Cet engagement a permis au festival de r\u00e9unir plus de 2,5 millions de spectateurs ces derni\u00e8res ann\u00e9es et de se classer au deuxi\u00e8me rang des plus grands festivals de musique de la plan\u00e8te et au premier rang en Afrique.<\/p>\n<p><\/p>","protected":false},"excerpt":{"rendered":"<p>Cr\u00e9\u00e9 en 2001 sous le Haut Patronage de Sa Majest\u00e9 le Roi Mohammed VI et organis\u00e9 par l\u2019association Maroc Cultures, Mawazine est le rendez-vous incontournable des amateurs et passionn\u00e9s de musique avec, ces derni\u00e8res ann\u00e9es, plus de deux millions et demi de spectateurs en moyenne. Moment privil\u00e9gi\u00e9 de d\u00e9couverte et de partage, le festival r\u00e9unit [&hellip;]<\/p>\n","protected":false},"author":1,"featured_media":22,"parent":60,"menu_order":0,"comment_status":"closed","ping_status":"closed","template":"","meta":{"_acf_changed":false,"footnotes":""},"class_list":["post-44","page","type-page","status-publish","has-post-thumbnail","hentry"],"acf":[],"_links":{"self":[{"href":"https:\/\/mawazine.ma\/fr\/wp-json\/wp\/v2\/pages\/44","targetHints":{"allow":["GET"]}}],"collection":[{"href":"https:\/\/mawazine.ma\/fr\/wp-json\/wp\/v2\/pages"}],"about":[{"href":"https:\/\/mawazine.ma\/fr\/wp-json\/wp\/v2\/types\/page"}],"author":[{"embeddable":true,"href":"https:\/\/mawazine.ma\/fr\/wp-json\/wp\/v2\/users\/1"}],"replies":[{"embeddable":true,"href":"https:\/\/mawazine.ma\/fr\/wp-json\/wp\/v2\/comments?post=44"}],"version-history":[{"count":6,"href":"https:\/\/mawazine.ma\/fr\/wp-json\/wp\/v2\/pages\/44\/revisions"}],"predecessor-version":[{"id":11456,"href":"https:\/\/mawazine.ma\/fr\/wp-json\/wp\/v2\/pages\/44\/revisions\/11456"}],"up":[{"embeddable":true,"href":"https:\/\/mawazine.ma\/fr\/wp-json\/wp\/v2\/pages\/60"}],"wp:featuredmedia":[{"embeddable":true,"href":"https:\/\/mawazine.ma\/fr\/wp-json\/wp\/v2\/media\/22"}],"wp:attachment":[{"href":"https:\/\/mawazine.ma\/fr\/wp-json\/wp\/v2\/media?parent=44"}],"curies":[{"name":"wp","href":"https:\/\/api.w.org\/{rel}","templated":true}]}}