{"id":2787,"date":"2017-04-06T13:01:30","date_gmt":"2017-04-06T11:01:30","guid":{"rendered":"http:\/\/localhost:8888\/sites\/mawazine\/\/?page_id=2787"},"modified":"2024-02-20T17:23:32","modified_gmt":"2024-02-20T16:23:32","slug":"mot-du-president","status":"publish","type":"page","link":"https:\/\/mawazine.ma\/fr\/le-festival-mawazine\/mot-du-president\/","title":{"rendered":"Mot du Pr\u00e9sident"},"content":{"rendered":"<p><\/p>\n<p>Plac\u00e9 sous le Haut Patronage de Sa Majest\u00e9 Le Roi Mohammed VI, le Festival Mawazine Rythmes du Monde s\u2019appr\u00eate \u00e0 vivre sa <span style=\"font-weight: 400;\">19\u00e8me<\/span> \u00e9dition. Que de chemin parcouru depuis sa cr\u00e9ation en 2001 ! L\u2019engagement du Festival \u00e0 rendre la culture accessible \u00e0 tous et sa contribution au d\u00e9veloppement d\u2019une industrie nationale du spectacle sont sans aucun doute ses r\u00e9ussites les plus embl\u00e9matiques. Chaque ann\u00e9e, ce sont plus de 2,5 millions de festivaliers, dont 90 % qui profitent gratuitement de neuf jours d\u2019une programmation artistique de haut niveau, retransmise dans le monde entier et suivie par des dizaines de millions de t\u00e9l\u00e9spectateurs. Un tel dispositif permet non seulement \u00e0 la sc\u00e8ne marocaine de trouver une vitrine mondiale, mais refl\u00e8te \u00e9galement tout ce qui fait la richesse des cultures du monde. Transmettre les valeurs de diversit\u00e9, de partage et de tol\u00e9rance constitue \u00e0 ce titre une r\u00e9alisation majeure du Festival Mawazine-Rythmes du Monde.<\/p>\n<p>L\u2019internationalisation du festival est une autre r\u00e9ussite embl\u00e9matique. Dix-huit ann\u00e9es apr\u00e8s sa cr\u00e9ation, le Festival Mawazine Rythmes du Monde a convi\u00e9 les plus grands artistes de tous les continents. Citons p\u00eale-m\u00eale Bruno Mars, Hardwell, The Weeknd, Enrique Iglesias, French Montana, Charles Aznavour, Mariah Carey, Quincy Jones, Jamiroquai, Lionel Richie, Nancy Ajram, Sting, Wael Jassar, mais aussi Majida El Roumi, Alicia Keys, Martin Solveig, Kadem Al Saher, Stevie Wonder, ou encore Whitney Houston, entre autres. Leurs performances m\u00e9morables ont \u00e9t\u00e9 la source de grands moments d\u2019\u00e9motion. De par la richesse de leurs r\u00e9pertoires, leurs origines et leurs patrimoines, tous ont \u00e9t\u00e9, \u00e0 leur mani\u00e8re, des ambassadeurs de cette manifestation. Ils ont contribu\u00e9 \u00e0 l\u2019accroissement de sa visibilit\u00e9 bien au-del\u00e0 de nos fronti\u00e8res et fait de Mawazine un \u00e9v\u00e9nement connu et reconnu.<\/p>\n<p>Le Festival Mawazine Rythmes du Monde a r\u00e9ussi \u00e0 incarner toute l\u2019\u00e9nergie culturelle et artistique qui anime le royaume. Avec pr\u00e8s de six cents journalistes nationaux et internationaux pr\u00e9sents, chaque \u00e9dition est une fen\u00eatre qui t\u00e9moigne de l\u2019extraordinaire vitalit\u00e9 et de la cr\u00e9ativit\u00e9 de la sc\u00e8ne marocaine pour laquelle le Festival Mawazine-Rythmes du Monde est une plateforme incontournable. L\u2019engouement des m\u00e9dias se double d\u2019ailleurs d\u2019une pr\u00e9sence de plus en plus remarqu\u00e9e sur les r\u00e9seaux sociaux, signe que le festival rassemble la jeunesse autour d\u2019un id\u00e9al qui nous est commun\u00a0: grandir ensemble, en faisant fi des clivages et des diff\u00e9rences.<\/p>\n<p>Ces succ\u00e8s, nous en sommes tous les auteurs. Organisateurs, festivaliers, autorit\u00e9s, administrations, services, partenaires, sponsors, entreprises, b\u00e9n\u00e9voles\u2026 Qu\u2019ils soient ici remerci\u00e9s de leurs efforts. Par leur soutien et leur fid\u00e9lit\u00e9, tous ont contribu\u00e9 \u00e0 faire du Festival Mawazine-Rythmes du Monde ce qu\u2019il est aujourd\u2019hui et ce qu\u2019il continuera \u00e0 \u00eatre demain\u00a0: un \u00e9v\u00e9nement v\u00e9ritablement populaire et r\u00e9solument exigeant, et cela gr\u00e2ce \u00e0 la qualit\u00e9 de sa programmation, mais \u00e9galement aux excellentes conditions d\u2019accueil offertes au public et aux artistes.<\/p>\n<p>C\u2019est donc avec beaucoup de fiert\u00e9 que je vous donne rendez-vous du 21 au 29 juin 2024 pour vivre une dix-neuvi\u00e8me \u00e9dition sous le signe de la diversit\u00e9 et de la f\u00eate. Place \u00e0 la musique\u00a0!<\/p>\n<p>&nbsp;<\/p>\n<h4>Abdeslem Ahizoune<\/h4>\n<p>Pr\u00e9sident du Festival Mawazine Rythmes du Monde<\/p>\n<p>Pr\u00e9sident de l\u2019Association Maroc Cultures<\/p>\n<p><\/p>","protected":false},"excerpt":{"rendered":"<p>Plac\u00e9 sous le Haut Patronage de Sa Majest\u00e9 Le Roi Mohammed VI, le Festival Mawazine Rythmes du Monde s\u2019appr\u00eate \u00e0 vivre sa 19\u00e8me \u00e9dition. Que de chemin parcouru depuis sa cr\u00e9ation en 2001 ! L\u2019engagement du Festival \u00e0 rendre la culture accessible \u00e0 tous et sa contribution au d\u00e9veloppement d\u2019une industrie nationale du spectacle sont [&hellip;]<\/p>\n","protected":false},"author":1,"featured_media":0,"parent":60,"menu_order":0,"comment_status":"closed","ping_status":"closed","template":"president.php","meta":{"_acf_changed":false,"footnotes":""},"class_list":["post-2787","page","type-page","status-publish","hentry"],"acf":[],"_links":{"self":[{"href":"https:\/\/mawazine.ma\/fr\/wp-json\/wp\/v2\/pages\/2787","targetHints":{"allow":["GET"]}}],"collection":[{"href":"https:\/\/mawazine.ma\/fr\/wp-json\/wp\/v2\/pages"}],"about":[{"href":"https:\/\/mawazine.ma\/fr\/wp-json\/wp\/v2\/types\/page"}],"author":[{"embeddable":true,"href":"https:\/\/mawazine.ma\/fr\/wp-json\/wp\/v2\/users\/1"}],"replies":[{"embeddable":true,"href":"https:\/\/mawazine.ma\/fr\/wp-json\/wp\/v2\/comments?post=2787"}],"version-history":[{"count":13,"href":"https:\/\/mawazine.ma\/fr\/wp-json\/wp\/v2\/pages\/2787\/revisions"}],"predecessor-version":[{"id":11484,"href":"https:\/\/mawazine.ma\/fr\/wp-json\/wp\/v2\/pages\/2787\/revisions\/11484"}],"up":[{"embeddable":true,"href":"https:\/\/mawazine.ma\/fr\/wp-json\/wp\/v2\/pages\/60"}],"wp:attachment":[{"href":"https:\/\/mawazine.ma\/fr\/wp-json\/wp\/v2\/media?parent=2787"}],"curies":[{"name":"wp","href":"https:\/\/api.w.org\/{rel}","templated":true}]}}