{"id":2355,"date":"2017-03-07T19:41:37","date_gmt":"2017-03-07T18:41:37","guid":{"rendered":"http:\/\/localhost:8888\/sites\/mawazine\/\/?page_id=2355"},"modified":"2018-05-19T16:42:12","modified_gmt":"2018-05-19T14:42:12","slug":"edition-2","status":"publish","type":"page","link":"https:\/\/mawazine.ma\/fr\/18-ans-de-mawazine\/edition-2\/","title":{"rendered":"Edition 2"},"content":{"rendered":"<p><\/p>\n<div class=\"slide\">\n<h3>Vendredi 16 Mai:<\/h3>\n<table class=\"table\">\n<thead>\n<tr>\n<th>Artiste<\/th>\n<th>Sc\u00e8ne<\/th>\n<\/tr>\n<\/thead>\n<tbody>\n<tr>\n<td>Ensemble Kasbah<\/td>\n<td>Jardin d&rsquo;essai<\/td>\n<\/tr>\n<\/tbody>\n<\/table>\n<\/div>\n<div class=\"slide\">\n<h3>Samedi 17 Mai:<\/h3>\n<table class=\"table\">\n<thead>\n<tr>\n<th>Artiste<\/th>\n<th>Sc\u00e8ne<\/th>\n<\/tr>\n<\/thead>\n<tbody>\n<tr>\n<td>Adikanfo,<\/td>\n<td>Art\u00e8res de Rabat<\/td>\n<\/tr>\n<tr>\n<td>Zambiapunga<\/td>\n<td>Art\u00e8res de Rabat<\/td>\n<\/tr>\n<tr>\n<td>Tambours du Burundi<\/td>\n<td>Art\u00e8res de Rabat<\/td>\n<\/tr>\n<tr>\n<td>Ensemble Achahba<\/td>\n<td>Art\u00e8res de Rabat<\/td>\n<\/tr>\n<tr>\n<td>Musique traditionnelle Marocaine<\/td>\n<td>Art\u00e8res de Rabat<\/td>\n<\/tr>\n<tr>\n<td>Catherin Pfeifer<\/td>\n<td>Jardin d&rsquo;essai<\/td>\n<\/tr>\n<tr>\n<td>Adikanfo<\/td>\n<td>Th\u00e9atre de Verdure<\/td>\n<\/tr>\n<tr>\n<td>Wendo Kolosoy<\/td>\n<td>Espace Chellah<\/td>\n<\/tr>\n<tr>\n<td>Carlinhos Brown<\/td>\n<td>Grande Sc\u00e8ne<\/td>\n<\/tr>\n<tr>\n<td>Ensemble Ornina<\/td>\n<td>Dar Mrini<\/td>\n<\/tr>\n<tr>\n<td>Belaid Akkaf<\/td>\n<td>Dar Batoul<\/td>\n<\/tr>\n<\/tbody>\n<\/table>\n<\/div>\n<div class=\"slide\">\n<h3>Dimanche 18 Mai:<\/h3>\n<table class=\"table\">\n<thead>\n<tr>\n<th>Artiste<\/th>\n<th>Sc\u00e8ne<\/th>\n<\/tr>\n<\/thead>\n<tbody>\n<tr>\n<td>Zambiapunga<\/td>\n<td>Art\u00e8res de Rabat<\/td>\n<\/tr>\n<tr>\n<td>Tambours du Burundi<\/td>\n<td>Art\u00e8res de Rabat<\/td>\n<\/tr>\n<tr>\n<td>Ensemble Achahba<\/td>\n<td>Art\u00e8res de Rabat<\/td>\n<\/tr>\n<tr>\n<td>Musique traditionnelle Marocaine<\/td>\n<td>Art\u00e8res de Rabat<\/td>\n<\/tr>\n<tr>\n<td>Adikanfo<\/td>\n<td>Jardin d&rsquo;essai<\/td>\n<\/tr>\n<tr>\n<td>Ensemble Kasbah<\/td>\n<td>Th\u00e9atre de Verdure<\/td>\n<\/tr>\n<tr>\n<td>Ensemble Rai X<\/td>\n<td>Th\u00e9atre de Verdure<\/td>\n<\/tr>\n<tr>\n<td>Soledad Bravo<\/td>\n<td>Espace Chellah<\/td>\n<\/tr>\n<tr>\n<td>Fatai<\/td>\n<td>Grande Sc\u00e8ne<\/td>\n<\/tr>\n<tr>\n<td>Ensemble Ornina<\/td>\n<td>Dar Mrini<\/td>\n<\/tr>\n<tr>\n<td>Cathrin Pfeifer<\/td>\n<td>Dar Batoul<\/td>\n<\/tr>\n<tr>\n<td>Wendo Kolosoy<\/td>\n<td>TNMV<\/td>\n<\/tr>\n<\/tbody>\n<\/table>\n<\/div>\n<div class=\"slide\">\n<h3>Lundi 19 Mai:<\/h3>\n<table class=\"table\">\n<thead>\n<tr>\n<th>Artiste<\/th>\n<th>Sc\u00e8ne<\/th>\n<\/tr>\n<\/thead>\n<tbody>\n<tr>\n<td>Zambiapunga<\/td>\n<td>Jardin d&rsquo;essai<\/td>\n<\/tr>\n<tr>\n<td>Ensemble Achaba<\/td>\n<td>Th\u00e9atre de Verdure<\/td>\n<\/tr>\n<tr>\n<td>Ensemble Orina et Samah<\/td>\n<td>Espace Chellah<\/td>\n<\/tr>\n<tr>\n<td>Ibrahim ferrer<\/td>\n<td>Grande Sc\u00e8ne<\/td>\n<\/tr>\n<tr>\n<td>Said Chraibi<\/td>\n<td>Dar Mrini<\/td>\n<\/tr>\n<tr>\n<td>Soledad Bravo<\/td>\n<td>TNMV<\/td>\n<\/tr>\n<\/tbody>\n<\/table>\n<\/div>\n<div class=\"slide\">\n<h3>Mardi 20 Mai:<\/h3>\n<table class=\"table\">\n<thead>\n<tr>\n<th>Artiste<\/th>\n<th>Sc\u00e8ne<\/th>\n<\/tr>\n<\/thead>\n<tbody>\n<tr>\n<td>Ensemble Achaba<\/td>\n<td>Jardin d&rsquo;essai<\/td>\n<\/tr>\n<tr>\n<td>Ensemble Rai X<\/td>\n<td>Th\u00e9atre de Verdure<\/td>\n<\/tr>\n<tr>\n<td>Tambours du Burundi<\/td>\n<td>Espace Chellah<\/td>\n<\/tr>\n<tr>\n<td>Baaba Maal<\/td>\n<td>Grande Sc\u00e8ne<\/td>\n<\/tr>\n<tr>\n<td>Qadri Dalal<\/td>\n<td>Dar Mrini<\/td>\n<\/tr>\n<tr>\n<td>Samah<\/td>\n<td>Dar Mrini<\/td>\n<\/tr>\n<tr>\n<td>Haj Youn\u00e8s<\/td>\n<td>Dar Batoul<\/td>\n<\/tr>\n<tr>\n<td>Tania Libertad<\/td>\n<td>TNMV<\/td>\n<\/tr>\n<\/tbody>\n<\/table>\n<\/div>\n<div class=\"slide\">\n<h3>Mercredi 21 Mai:<\/h3>\n<table class=\"table\">\n<thead>\n<tr>\n<th>Artiste<\/th>\n<th>Sc\u00e8ne<\/th>\n<\/tr>\n<\/thead>\n<tbody>\n<tr>\n<td>Boubakar Traor\u00e9<\/td>\n<td>Espace Chellah<\/td>\n<\/tr>\n<tr>\n<td>Salif Keita<\/td>\n<td>Grande Sc\u00e8ne<\/td>\n<\/tr>\n<tr>\n<td>Orquesta Aragon<\/td>\n<td>TNMV<\/td>\n<\/tr>\n<\/tbody>\n<\/table>\n<\/div>\n<div class=\"slide\">\n<h3>Jeudi 22 Mai:<\/h3>\n<table class=\"table\">\n<thead>\n<tr>\n<th>Artiste<\/th>\n<th>Sc\u00e8ne<\/th>\n<\/tr>\n<\/thead>\n<tbody>\n<tr>\n<td>Boubakar Traor\u00e9<\/td>\n<td>Jardin d&rsquo;essai<\/td>\n<\/tr>\n<tr>\n<td>Che Tango<\/td>\n<td>Espace Chellah<\/td>\n<\/tr>\n<tr>\n<td>Orquesta Aragon<\/td>\n<td>Grande Sc\u00e8ne<\/td>\n<\/tr>\n<tr>\n<td>Sarah Carr\u00e8re<\/td>\n<td>Dar Batoul<\/td>\n<\/tr>\n<tr>\n<td>Salif Keita<\/td>\n<td>TNMV<\/td>\n<\/tr>\n<\/tbody>\n<\/table>\n<\/div>\n<div class=\"slide\">\n<h3>Vendredi 23 Mai:<\/h3>\n<table class=\"table\">\n<thead>\n<tr>\n<th>Artiste<\/th>\n<th>Sc\u00e8ne<\/th>\n<\/tr>\n<\/thead>\n<tbody>\n<tr>\n<td>Sarah Carr\u00e8re<\/td>\n<td>Jardin d&rsquo;essai<\/td>\n<\/tr>\n<tr>\n<td>Orchestra Baobab<\/td>\n<td>Espace Chellah<\/td>\n<\/tr>\n<tr>\n<td>Mahotella Queens<\/td>\n<td>Grande Sc\u00e8ne<\/td>\n<\/tr>\n<tr>\n<td>Che Tango<\/td>\n<td>Dar Mrini<\/td>\n<\/tr>\n<tr>\n<td>Yuri Bunenaventura<\/td>\n<td>TNMV<\/td>\n<\/tr>\n<\/tbody>\n<\/table>\n<\/div>\n<div class=\"slide\">\n<h3>Samedi 24 Mai:<\/h3>\n<table class=\"table\">\n<thead>\n<tr>\n<th>Artiste<\/th>\n<th>Sc\u00e8ne<\/th>\n<\/tr>\n<\/thead>\n<tbody>\n<tr>\n<td>Che Tango (18h30)<\/td>\n<td>Jardin d&rsquo;essai<\/td>\n<\/tr>\n<tr>\n<td>Mahotella Queens<\/td>\n<td>Espace Chellah<\/td>\n<\/tr>\n<tr>\n<td>Yuri Bunenaventura<\/td>\n<td>Grande Sc\u00e8ne<\/td>\n<\/tr>\n<tr>\n<td>Sarah Carr\u00e8re<\/td>\n<td>Dar Mrini<\/td>\n<\/tr>\n<tr>\n<td>Orchestra Baobab<\/td>\n<td>TNMV<\/td>\n<\/tr>\n<\/tbody>\n<\/table>\n<\/div>\n<p><\/p>","protected":false},"excerpt":{"rendered":"<p>Vendredi 16 Mai: Artiste Sc\u00e8ne Ensemble Kasbah Jardin d&rsquo;essai Samedi 17 Mai: Artiste Sc\u00e8ne Adikanfo, Art\u00e8res de Rabat Zambiapunga Art\u00e8res de Rabat Tambours du Burundi Art\u00e8res de Rabat Ensemble Achahba Art\u00e8res de Rabat Musique traditionnelle Marocaine Art\u00e8res de Rabat Catherin Pfeifer Jardin d&rsquo;essai Adikanfo Th\u00e9atre de Verdure Wendo Kolosoy Espace Chellah Carlinhos Brown Grande Sc\u00e8ne [&hellip;]<\/p>\n","protected":false},"author":1,"featured_media":2341,"parent":447,"menu_order":0,"comment_status":"closed","ping_status":"closed","template":"","meta":{"_acf_changed":false,"footnotes":""},"class_list":["post-2355","page","type-page","status-publish","has-post-thumbnail","hentry"],"acf":[],"_links":{"self":[{"href":"https:\/\/mawazine.ma\/fr\/wp-json\/wp\/v2\/pages\/2355","targetHints":{"allow":["GET"]}}],"collection":[{"href":"https:\/\/mawazine.ma\/fr\/wp-json\/wp\/v2\/pages"}],"about":[{"href":"https:\/\/mawazine.ma\/fr\/wp-json\/wp\/v2\/types\/page"}],"author":[{"embeddable":true,"href":"https:\/\/mawazine.ma\/fr\/wp-json\/wp\/v2\/users\/1"}],"replies":[{"embeddable":true,"href":"https:\/\/mawazine.ma\/fr\/wp-json\/wp\/v2\/comments?post=2355"}],"version-history":[{"count":1,"href":"https:\/\/mawazine.ma\/fr\/wp-json\/wp\/v2\/pages\/2355\/revisions"}],"predecessor-version":[{"id":7187,"href":"https:\/\/mawazine.ma\/fr\/wp-json\/wp\/v2\/pages\/2355\/revisions\/7187"}],"up":[{"embeddable":true,"href":"https:\/\/mawazine.ma\/fr\/wp-json\/wp\/v2\/pages\/447"}],"wp:featuredmedia":[{"embeddable":true,"href":"https:\/\/mawazine.ma\/fr\/wp-json\/wp\/v2\/media\/2341"}],"wp:attachment":[{"href":"https:\/\/mawazine.ma\/fr\/wp-json\/wp\/v2\/media?parent=2355"}],"curies":[{"name":"wp","href":"https:\/\/api.w.org\/{rel}","templated":true}]}}