{"id":2337,"date":"2017-03-07T19:26:08","date_gmt":"2017-03-07T18:26:08","guid":{"rendered":"http:\/\/localhost:8888\/sites\/mawazine\/\/?page_id=2337"},"modified":"2018-05-19T16:44:07","modified_gmt":"2018-05-19T14:44:07","slug":"edition-3","status":"publish","type":"page","link":"https:\/\/mawazine.ma\/fr\/18-ans-de-mawazine\/edition-3\/","title":{"rendered":"Edition 3"},"content":{"rendered":"<p><\/p>\n<div class=\"slide\">\n<h3>Mercredi 19 Mai:<\/h3>\n<table class=\"table\">\n<thead>\n<tr>\n<th>Artiste<\/th>\n<th>Sc\u00e8ne<\/th>\n<\/tr>\n<\/thead>\n<tbody>\n<tr>\n<td>Marionnettes sur Eau du Vietnam<\/td>\n<td>Jardins d&rsquo;essais<\/td>\n<\/tr>\n<tr>\n<td>Jaipur Kawa Brass Band<\/td>\n<td>Av Mansour Dahbi<\/td>\n<\/tr>\n<tr>\n<td>Jaipur Kawa Brass Band<\/td>\n<td>Av Mansour Dahbi<\/td>\n<\/tr>\n<tr>\n<td>Ballet Royal<\/td>\n<td>TNMV<\/td>\n<\/tr>\n<tr>\n<td>S\u00e9kouba Banbino<\/td>\n<td>Grande Sc\u00e8ne<\/td>\n<\/tr>\n<tr>\n<td>El Berretin Tango<\/td>\n<td>Dar Mrini<\/td>\n<\/tr>\n<\/tbody>\n<\/table>\n<\/div>\n<div class=\"slide\">\n<h3>Jeudi 20 Mai:<\/h3>\n<table class=\"table\">\n<thead>\n<tr>\n<th>Artiste<\/th>\n<th>Sc\u00e8ne<\/th>\n<\/tr>\n<\/thead>\n<tbody>\n<tr>\n<td>Marionnettes sur Eau du Vietnam<\/td>\n<td>Jardins d&rsquo;essais<\/td>\n<\/tr>\n<tr>\n<td>Diaba Koita<\/td>\n<td>TNMV<\/td>\n<\/tr>\n<tr>\n<td>Chong Dong<\/td>\n<td>Grande Sc\u00e8ne<\/td>\n<\/tr>\n<tr>\n<td>Megri<\/td>\n<td>Dar Mrini<\/td>\n<\/tr>\n<tr>\n<td>Chalgui-ji<\/td>\n<td>Th\u00e9atre de Verdure<\/td>\n<\/tr>\n<tr>\n<td>Jaipur Kawa Brass Band<\/td>\n<td>Oudayas<\/td>\n<\/tr>\n<tr>\n<td>El Berretin Tango<\/td>\n<td>Espace Chellah<\/td>\n<\/tr>\n<\/tbody>\n<\/table>\n<\/div>\n<div class=\"slide\">\n<h3>Vendredi 21 Mai:<\/h3>\n<table class=\"table\">\n<thead>\n<tr>\n<th>Artiste<\/th>\n<th>Sc\u00e8ne<\/th>\n<\/tr>\n<\/thead>\n<tbody>\n<tr>\n<td>Marionnettes sur Eau du Vietnam<\/td>\n<td>Jardins d&rsquo;essais<\/td>\n<\/tr>\n<tr>\n<td>Chong Dong<\/td>\n<td>TNMV<\/td>\n<\/tr>\n<tr>\n<td>Chuchumb\u00e9, Petrona Martinez<\/td>\n<td>Grande Sc\u00e8ne<\/td>\n<\/tr>\n<tr>\n<td>Delvin Duo<\/td>\n<td>Dar Mrini<\/td>\n<\/tr>\n<tr>\n<td>Chalgui-Ji<\/td>\n<td>Oudayas<\/td>\n<\/tr>\n<tr>\n<td>Diaba Koita<\/td>\n<td>Espace Chellah<\/td>\n<\/tr>\n<tr>\n<td>Jaipur Kawa Brass Band<\/td>\n<td>Place Al Massira<\/td>\n<\/tr>\n<\/tbody>\n<\/table>\n<\/div>\n<div class=\"slide\">\n<h3>Samedi 22 Mai:<\/h3>\n<table class=\"table\">\n<thead>\n<tr>\n<th>Artiste<\/th>\n<th>Sc\u00e8ne<\/th>\n<\/tr>\n<\/thead>\n<tbody>\n<tr>\n<td>Marionnettes sur Eau du Vietnam<\/td>\n<td>Jardins d&rsquo;essais<\/td>\n<\/tr>\n<tr>\n<td>Chuchumb\u00e9<\/td>\n<td>TNMV<\/td>\n<\/tr>\n<tr>\n<td>Hanine y son cubano<\/td>\n<td>Grande Sc\u00e8ne<\/td>\n<\/tr>\n<tr>\n<td>Delvin Duo<\/td>\n<td>Dar Mrini<\/td>\n<\/tr>\n<tr>\n<td>Jaipur Kawa Brass Band<\/td>\n<td>Oudayas<\/td>\n<\/tr>\n<tr>\n<td>Petrona Martinez<\/td>\n<td>Espace Chellah<\/td>\n<\/tr>\n<tr>\n<td>Chalgui-Ji<\/td>\n<td>Place Al Massira<\/td>\n<\/tr>\n<\/tbody>\n<\/table>\n<\/div>\n<div class=\"slide\">\n<h3>Dimanche 23 Mai:<\/h3>\n<table class=\"table\">\n<thead>\n<tr>\n<th>Artiste<\/th>\n<th>Sc\u00e8ne<\/th>\n<\/tr>\n<\/thead>\n<tbody>\n<tr>\n<td>Marionnettes sur Eau du Vietnam<\/td>\n<td>Jardins d&rsquo;essais<\/td>\n<\/tr>\n<tr>\n<td>Hanine y son cubano<\/td>\n<td>TNMV<\/td>\n<\/tr>\n<tr>\n<td>El bicho Flamenco<\/td>\n<td>Grande Sc\u00e8ne<\/td>\n<\/tr>\n<tr>\n<td>Lingling Yu<\/td>\n<td>Dar Mrini<\/td>\n<\/tr>\n<tr>\n<td>Jaipur Kawa Brass Band<\/td>\n<td>Th\u00e9atre de Verdure<\/td>\n<\/tr>\n<tr>\n<td>Chuchumb\u00e9<\/td>\n<td>Espace Chellah<\/td>\n<\/tr>\n<tr>\n<td>Megri<\/td>\n<td>Place Al Massira<\/td>\n<\/tr>\n<\/tbody>\n<\/table>\n<\/div>\n<div class=\"slide\">\n<h3>Lundi 24 Mai:<\/h3>\n<table class=\"table\">\n<thead>\n<tr>\n<th>Artiste<\/th>\n<th>Sc\u00e8ne<\/th>\n<\/tr>\n<\/thead>\n<tbody>\n<tr>\n<td>Marionnettes sur Eau du Vietnam<\/td>\n<td>Jardins d&rsquo;essais<\/td>\n<\/tr>\n<tr>\n<td>Rumba Palenquera<\/td>\n<td>TNMV<\/td>\n<\/tr>\n<tr>\n<td>Eddie Palmieri<\/td>\n<td>Grande Sc\u00e8ne<\/td>\n<\/tr>\n<tr>\n<td>Maria Ana Bobon\u00e9<\/td>\n<td>Dar Mrini<\/td>\n<\/tr>\n<tr>\n<td>Chalgui-ji<\/td>\n<td>Th\u00e9atre de Verdure<\/td>\n<\/tr>\n<tr>\n<td>Toumani Diabat\u00e9<\/td>\n<td>Espace Chellah<\/td>\n<\/tr>\n<\/tbody>\n<\/table>\n<\/div>\n<div class=\"slide\">\n<h3>Mardi 25 Mai:<\/h3>\n<table class=\"table\">\n<thead>\n<tr>\n<td>Marionnettes sur Eau du Vietnam<\/td>\n<td>Jardins d&rsquo;essais<\/td>\n<\/tr>\n<tr>\n<td>Tito Losada<\/td>\n<td>TNMV<\/td>\n<\/tr>\n<tr>\n<td>Rumba Palenquera<\/td>\n<td>Grande Sc\u00e8ne<\/td>\n<\/tr>\n<tr>\n<td>Lingling Yu<\/td>\n<td>Dar Mrini<\/td>\n<\/tr>\n<tr>\n<td>Chalgui-ji<\/td>\n<td>Oudayas<\/td>\n<\/tr>\n<tr>\n<td>Maria Ana Bobon\u00e9<\/td>\n<td>Espace Chellah<\/td>\n<\/tr>\n<tr>\n<td>Savina Yannatou<\/td>\n<td>Espace Chellah<\/td>\n<\/tr>\n<\/thead>\n<\/table>\n<\/div>\n<div class=\"slide\">\n<h3>Mercredi 26 Mai:<\/h3>\n<table class=\"table\">\n<thead>\n<tr>\n<th>Artiste<\/th>\n<th>Sc\u00e8ne<\/th>\n<\/tr>\n<\/thead>\n<tbody>\n<tr>\n<td>Machahid<\/td>\n<td>Oudayas<\/td>\n<\/tr>\n<\/tbody>\n<\/table>\n<\/div>\n<p><\/p>","protected":false},"excerpt":{"rendered":"<p>Mercredi 19 Mai: Artiste Sc\u00e8ne Marionnettes sur Eau du Vietnam Jardins d&rsquo;essais Jaipur Kawa Brass Band Av Mansour Dahbi Jaipur Kawa Brass Band Av Mansour Dahbi Ballet Royal TNMV S\u00e9kouba Banbino Grande Sc\u00e8ne El Berretin Tango Dar Mrini Jeudi 20 Mai: Artiste Sc\u00e8ne Marionnettes sur Eau du Vietnam Jardins d&rsquo;essais Diaba Koita TNMV Chong Dong [&hellip;]<\/p>\n","protected":false},"author":1,"featured_media":2338,"parent":447,"menu_order":0,"comment_status":"closed","ping_status":"closed","template":"","meta":{"_acf_changed":false,"footnotes":""},"class_list":["post-2337","page","type-page","status-publish","has-post-thumbnail","hentry"],"acf":[],"_links":{"self":[{"href":"https:\/\/mawazine.ma\/fr\/wp-json\/wp\/v2\/pages\/2337","targetHints":{"allow":["GET"]}}],"collection":[{"href":"https:\/\/mawazine.ma\/fr\/wp-json\/wp\/v2\/pages"}],"about":[{"href":"https:\/\/mawazine.ma\/fr\/wp-json\/wp\/v2\/types\/page"}],"author":[{"embeddable":true,"href":"https:\/\/mawazine.ma\/fr\/wp-json\/wp\/v2\/users\/1"}],"replies":[{"embeddable":true,"href":"https:\/\/mawazine.ma\/fr\/wp-json\/wp\/v2\/comments?post=2337"}],"version-history":[{"count":1,"href":"https:\/\/mawazine.ma\/fr\/wp-json\/wp\/v2\/pages\/2337\/revisions"}],"predecessor-version":[{"id":7188,"href":"https:\/\/mawazine.ma\/fr\/wp-json\/wp\/v2\/pages\/2337\/revisions\/7188"}],"up":[{"embeddable":true,"href":"https:\/\/mawazine.ma\/fr\/wp-json\/wp\/v2\/pages\/447"}],"wp:featuredmedia":[{"embeddable":true,"href":"https:\/\/mawazine.ma\/fr\/wp-json\/wp\/v2\/media\/2338"}],"wp:attachment":[{"href":"https:\/\/mawazine.ma\/fr\/wp-json\/wp\/v2\/media?parent=2337"}],"curies":[{"name":"wp","href":"https:\/\/api.w.org\/{rel}","templated":true}]}}