{"id":1582,"date":"2017-02-16T12:00:54","date_gmt":"2017-02-16T11:00:54","guid":{"rendered":"http:\/\/localhost:8888\/sites\/mawazine\/\/?page_id=1582"},"modified":"2024-04-26T17:36:07","modified_gmt":"2024-04-26T15:36:07","slug":"contact-presse","status":"publish","type":"page","link":"https:\/\/mawazine.ma\/fr\/espace-presse\/contact-presse\/","title":{"rendered":"Contact Presse"},"content":{"rendered":"<p><\/p>\n<h3>Bienvenue sur la page des accr\u00e9ditations presse de la 18\u00e8me \u00e9dition du Festival Mawazine Rythmes du Monde.<\/h3>\n<p>Le service presse du Festival Mawazine est heureux de vous accueillir dans son espace d\u2019accr\u00e9ditation.<\/p>\n<p>L\u2019accr\u00e9ditation presse est r\u00e9serv\u00e9e aux seuls repr\u00e9sentants des m\u00e9dias (journaliste, animateur, photographe, technicien, blogueur).<\/p>\n<p>Le nombre et le type d\u2019accr\u00e9ditation (acc\u00e8s et niveau de priorit\u00e9), par m\u00e9dia, sont attribu\u00e9s par la commission du service de presse du Festival en fonction de\u00a0:<\/p>\n<ul>\n<li>P\u00e9riodicit\u00e9 du m\u00e9dia<\/li>\n<li>Tirage<\/li>\n<li>Sp\u00e9cificit\u00e9<\/li>\n<li>Couverture des pr\u00e9c\u00e9dentes \u00e9ditions du Festival Mawazine<\/li>\n<\/ul>\n<p>Pour votre information, chaque organisme dispose d\u2019un nombre limit\u00e9 d\u2019accr\u00e9ditations. Il est important de ne d\u00e9poser qu\u2019une seule demande par personne.<\/p>\n<h3>La date limite de r\u00e9ception des demandes est fix\u00e9e au lundi 20 mai 2019.<\/h3>\n<p>Aucune accr\u00e9ditation ne sera d\u00e9livr\u00e9e sans formulaire et les justificatifs demand\u00e9s d\u00fbment remplis. Chaque formulaire sera minutieusement examin\u00e9 par l\u2019organisation. Le Festival Mawazine se r\u00e9serve le droit d\u2019accepter ou de refuser une demande d\u2019accr\u00e9ditation. Si votre demande d\u2019accr\u00e9ditation est accept\u00e9e, vous recevrez un email de confirmation. Vous pourrez alors retirer votre badge d\u2019accr\u00e9ditation du mardi 18 au vendredi 21 juin 2019 de 10h \u00e0 17h au centre de presse du Festival qui est situ\u00e9 \u00e0 la Villa des Arts de Rabat.<\/p>\n<p>Pour votre confort et afin de pr\u00e9server vos conditions de travail, nous insistons sur la n\u00e9cessit\u00e9 de nous adresser votre demande d\u00fbment remplie avant le lundi 20 mai 2019.<\/p>\n<p>Pass\u00e9 ce d\u00e9lai, aucune demande ne sera accept\u00e9e.<\/p>\n<h5>Le Service Accr\u00e9ditations.<\/h5>\n<p><\/p>","protected":false},"excerpt":{"rendered":"<p>Bienvenue sur la page des accr\u00e9ditations presse de la 18\u00e8me \u00e9dition du Festival Mawazine Rythmes du Monde. Le service presse du Festival Mawazine est heureux de vous accueillir dans son espace d\u2019accr\u00e9ditation. L\u2019accr\u00e9ditation presse est r\u00e9serv\u00e9e aux seuls repr\u00e9sentants des m\u00e9dias (journaliste, animateur, photographe, technicien, blogueur). Le nombre et le type d\u2019accr\u00e9ditation (acc\u00e8s et niveau [&hellip;]<\/p>\n","protected":false},"author":1,"featured_media":0,"parent":11641,"menu_order":0,"comment_status":"closed","ping_status":"closed","template":"accreditation.php","meta":{"_acf_changed":false,"footnotes":""},"class_list":["post-1582","page","type-page","status-publish","hentry"],"acf":[],"_links":{"self":[{"href":"https:\/\/mawazine.ma\/fr\/wp-json\/wp\/v2\/pages\/1582","targetHints":{"allow":["GET"]}}],"collection":[{"href":"https:\/\/mawazine.ma\/fr\/wp-json\/wp\/v2\/pages"}],"about":[{"href":"https:\/\/mawazine.ma\/fr\/wp-json\/wp\/v2\/types\/page"}],"author":[{"embeddable":true,"href":"https:\/\/mawazine.ma\/fr\/wp-json\/wp\/v2\/users\/1"}],"replies":[{"embeddable":true,"href":"https:\/\/mawazine.ma\/fr\/wp-json\/wp\/v2\/comments?post=1582"}],"version-history":[{"count":12,"href":"https:\/\/mawazine.ma\/fr\/wp-json\/wp\/v2\/pages\/1582\/revisions"}],"predecessor-version":[{"id":11643,"href":"https:\/\/mawazine.ma\/fr\/wp-json\/wp\/v2\/pages\/1582\/revisions\/11643"}],"up":[{"embeddable":true,"href":"https:\/\/mawazine.ma\/fr\/wp-json\/wp\/v2\/pages\/11641"}],"wp:attachment":[{"href":"https:\/\/mawazine.ma\/fr\/wp-json\/wp\/v2\/media?parent=1582"}],"curies":[{"name":"wp","href":"https:\/\/api.w.org\/{rel}","templated":true}]}}