{"id":1198,"date":"2017-02-11T17:10:08","date_gmt":"2017-02-11T16:10:08","guid":{"rendered":"http:\/\/localhost:8888\/sites\/mawazine\/\/?page_id=1198"},"modified":"2024-02-16T18:29:55","modified_gmt":"2024-02-16T17:29:55","slug":"decouverte-theatre-national-mohammed-v","status":"publish","type":"page","link":"https:\/\/mawazine.ma\/fr\/edition-2024\/scenes\/decouverte-theatre-national-mohammed-v\/","title":{"rendered":"Th\u00e9\u00e2tre National Mohammed V"},"content":{"rendered":"<p><\/p>\n<p>Rarement un lieu aura accueilli autant de concerts mythiques. Symbole de la vie culturelle \u00e0 Rabat, le Th\u00e9\u00e2tre National Mohammed V a \u00e9t\u00e9 le t\u00e9moin de moments uniques dans l&rsquo;histoire de Mawazine. Son d\u00e9cor unique, son atmosph\u00e8re intimiste et la beaut\u00e9 des sons qui s&rsquo;en d\u00e9gagent ont fait de cette sc\u00e8ne un des endroits pr\u00e9f\u00e9r\u00e9s des stars marocaines et des c\u00e9l\u00e9brit\u00e9s internationales de passage dans la capitale.<\/p>\n<p><\/p>","protected":false},"excerpt":{"rendered":"<p>Rarement un lieu aura accueilli autant de concerts mythiques. Symbole de la vie culturelle \u00e0 Rabat, le Th\u00e9\u00e2tre National Mohammed V a \u00e9t\u00e9 le t\u00e9moin de moments uniques dans l&rsquo;histoire de Mawazine. Son d\u00e9cor unique, son atmosph\u00e8re intimiste et la beaut\u00e9 des sons qui s&rsquo;en d\u00e9gagent ont fait de cette sc\u00e8ne un des endroits pr\u00e9f\u00e9r\u00e9s [&hellip;]<\/p>\n","protected":false},"author":1,"featured_media":0,"parent":78,"menu_order":0,"comment_status":"closed","ping_status":"closed","template":"scene.php","meta":{"_acf_changed":false,"footnotes":""},"class_list":["post-1198","page","type-page","status-publish","hentry"],"acf":[],"_links":{"self":[{"href":"https:\/\/mawazine.ma\/fr\/wp-json\/wp\/v2\/pages\/1198","targetHints":{"allow":["GET"]}}],"collection":[{"href":"https:\/\/mawazine.ma\/fr\/wp-json\/wp\/v2\/pages"}],"about":[{"href":"https:\/\/mawazine.ma\/fr\/wp-json\/wp\/v2\/types\/page"}],"author":[{"embeddable":true,"href":"https:\/\/mawazine.ma\/fr\/wp-json\/wp\/v2\/users\/1"}],"replies":[{"embeddable":true,"href":"https:\/\/mawazine.ma\/fr\/wp-json\/wp\/v2\/comments?post=1198"}],"version-history":[{"count":10,"href":"https:\/\/mawazine.ma\/fr\/wp-json\/wp\/v2\/pages\/1198\/revisions"}],"predecessor-version":[{"id":11506,"href":"https:\/\/mawazine.ma\/fr\/wp-json\/wp\/v2\/pages\/1198\/revisions\/11506"}],"up":[{"embeddable":true,"href":"https:\/\/mawazine.ma\/fr\/wp-json\/wp\/v2\/pages\/78"}],"wp:attachment":[{"href":"https:\/\/mawazine.ma\/fr\/wp-json\/wp\/v2\/media?parent=1198"}],"curies":[{"name":"wp","href":"https:\/\/api.w.org\/{rel}","templated":true}]}}