{"id":1196,"date":"2017-02-11T17:06:31","date_gmt":"2017-02-11T16:06:31","guid":{"rendered":"http:\/\/localhost:8888\/sites\/mawazine\/\/?page_id=1196"},"modified":"2024-02-16T18:29:33","modified_gmt":"2024-02-16T17:29:33","slug":"musiques-du-monde-site-historique-du-chellah","status":"publish","type":"page","link":"https:\/\/mawazine.ma\/fr\/edition-2024\/scenes\/musiques-du-monde-site-historique-du-chellah\/","title":{"rendered":"Site Historique du Chellah"},"content":{"rendered":"<p><\/p>\n<p>Inscrit au patrimoine mondial de l&rsquo;Unesco, le site du Chellah est \u00e0 l&rsquo;image de Mawazine, un festival tourn\u00e9 vers l&rsquo;avenir qui rend sans cesse hommage aux plus belles traditions musicales de la plan\u00e8te. C&rsquo;est ici, dans ce lieu po\u00e9tique, propice au r\u00eave et \u00e0 l&rsquo;\u00e9vasion, que la sc\u00e8ne du Chellah accueille les plus grands interpr\u00e8tes \u00e0 l&rsquo;occasion de concerts inoubliables au cours desquels le public d\u00e9couvre des r\u00e9pertoires, parfois ancestraux, qui n&rsquo;ont rien perdu de leur force, de leur audace et de leur myst\u00e8re.<\/p>\n<p><\/p>","protected":false},"excerpt":{"rendered":"<p>Inscrit au patrimoine mondial de l&rsquo;Unesco, le site du Chellah est \u00e0 l&rsquo;image de Mawazine, un festival tourn\u00e9 vers l&rsquo;avenir qui rend sans cesse hommage aux plus belles traditions musicales de la plan\u00e8te. C&rsquo;est ici, dans ce lieu po\u00e9tique, propice au r\u00eave et \u00e0 l&rsquo;\u00e9vasion, que la sc\u00e8ne du Chellah accueille les plus grands interpr\u00e8tes [&hellip;]<\/p>\n","protected":false},"author":1,"featured_media":0,"parent":78,"menu_order":0,"comment_status":"closed","ping_status":"closed","template":"scene.php","meta":{"_acf_changed":false,"footnotes":""},"class_list":["post-1196","page","type-page","status-publish","hentry"],"acf":[],"_links":{"self":[{"href":"https:\/\/mawazine.ma\/fr\/wp-json\/wp\/v2\/pages\/1196","targetHints":{"allow":["GET"]}}],"collection":[{"href":"https:\/\/mawazine.ma\/fr\/wp-json\/wp\/v2\/pages"}],"about":[{"href":"https:\/\/mawazine.ma\/fr\/wp-json\/wp\/v2\/types\/page"}],"author":[{"embeddable":true,"href":"https:\/\/mawazine.ma\/fr\/wp-json\/wp\/v2\/users\/1"}],"replies":[{"embeddable":true,"href":"https:\/\/mawazine.ma\/fr\/wp-json\/wp\/v2\/comments?post=1196"}],"version-history":[{"count":11,"href":"https:\/\/mawazine.ma\/fr\/wp-json\/wp\/v2\/pages\/1196\/revisions"}],"predecessor-version":[{"id":11505,"href":"https:\/\/mawazine.ma\/fr\/wp-json\/wp\/v2\/pages\/1196\/revisions\/11505"}],"up":[{"embeddable":true,"href":"https:\/\/mawazine.ma\/fr\/wp-json\/wp\/v2\/pages\/78"}],"wp:attachment":[{"href":"https:\/\/mawazine.ma\/fr\/wp-json\/wp\/v2\/media?parent=1196"}],"curies":[{"name":"wp","href":"https:\/\/api.w.org\/{rel}","templated":true}]}}