{"id":1194,"date":"2017-02-11T17:03:17","date_gmt":"2017-02-11T16:03:17","guid":{"rendered":"http:\/\/localhost:8888\/sites\/mawazine\/\/?page_id=1194"},"modified":"2024-02-16T18:29:08","modified_gmt":"2024-02-16T17:29:08","slug":"scene-marocaine-scene-de-sale","status":"publish","type":"page","link":"https:\/\/mawazine.ma\/fr\/edition-2024\/scenes\/scene-marocaine-scene-de-sale\/","title":{"rendered":"Sc\u00e8ne de Sal\u00e9"},"content":{"rendered":"<p><\/p>\n<p>En r\u00e9servant la moiti\u00e9 de sa programmation aux artistes du royaume, Mawazine a fait de Sal\u00e9 le point de rencontre de tous les passionn\u00e9s de musique marocaine. Au bord du Bouregreg, sur un site d&rsquo;exception et avec une vue magnifique sur le fleuve et la ville de Rabat, la sc\u00e8ne de Sal\u00e9 repr\u00e9sente un tremplin unique pour les jeunes talents du pays, tout en consacrant les plus grandes figures du r\u00e9pertoire national. Moderne et traditionnel, le r\u00e9pertoire inclut tous les styles, des musiques gnaoua, cha\u00e2bi et amazigh, en passant par le rap, le rock et le reggae.<\/p>\n<p><\/p>","protected":false},"excerpt":{"rendered":"<p>En r\u00e9servant la moiti\u00e9 de sa programmation aux artistes du royaume, Mawazine a fait de Sal\u00e9 le point de rencontre de tous les passionn\u00e9s de musique marocaine. Au bord du Bouregreg, sur un site d&rsquo;exception et avec une vue magnifique sur le fleuve et la ville de Rabat, la sc\u00e8ne de Sal\u00e9 repr\u00e9sente un tremplin [&hellip;]<\/p>\n","protected":false},"author":1,"featured_media":0,"parent":78,"menu_order":0,"comment_status":"closed","ping_status":"closed","template":"scene.php","meta":{"_acf_changed":false,"footnotes":""},"class_list":["post-1194","page","type-page","status-publish","hentry"],"acf":[],"_links":{"self":[{"href":"https:\/\/mawazine.ma\/fr\/wp-json\/wp\/v2\/pages\/1194","targetHints":{"allow":["GET"]}}],"collection":[{"href":"https:\/\/mawazine.ma\/fr\/wp-json\/wp\/v2\/pages"}],"about":[{"href":"https:\/\/mawazine.ma\/fr\/wp-json\/wp\/v2\/types\/page"}],"author":[{"embeddable":true,"href":"https:\/\/mawazine.ma\/fr\/wp-json\/wp\/v2\/users\/1"}],"replies":[{"embeddable":true,"href":"https:\/\/mawazine.ma\/fr\/wp-json\/wp\/v2\/comments?post=1194"}],"version-history":[{"count":10,"href":"https:\/\/mawazine.ma\/fr\/wp-json\/wp\/v2\/pages\/1194\/revisions"}],"predecessor-version":[{"id":11504,"href":"https:\/\/mawazine.ma\/fr\/wp-json\/wp\/v2\/pages\/1194\/revisions\/11504"}],"up":[{"embeddable":true,"href":"https:\/\/mawazine.ma\/fr\/wp-json\/wp\/v2\/pages\/78"}],"wp:attachment":[{"href":"https:\/\/mawazine.ma\/fr\/wp-json\/wp\/v2\/media?parent=1194"}],"curies":[{"name":"wp","href":"https:\/\/api.w.org\/{rel}","templated":true}]}}