{"id":1192,"date":"2017-02-11T17:00:31","date_gmt":"2017-02-11T16:00:31","guid":{"rendered":"http:\/\/localhost:8888\/sites\/mawazine\/\/?page_id=1192"},"modified":"2024-02-16T18:28:06","modified_gmt":"2024-02-16T17:28:06","slug":"bouregreg","status":"publish","type":"page","link":"https:\/\/mawazine.ma\/fr\/edition-2024\/scenes\/bouregreg\/","title":{"rendered":"Bouregreg"},"content":{"rendered":"<p><\/p>\n<p>Edifi\u00e9 sur une esplanade dall\u00e9e, qui offre une vue imprenable sur la Kasbah des Oudayas, inscrit au patrimoine mondial de l&rsquo;Unesco, la sc\u00e8ne du Bouregreg tire son nom du fleuve \u00e9ponyme qui s&rsquo;\u00e9tire majestueusement le long du site. C&rsquo;est ici, en plein de c\u0153ur de Rabat, que se donnent rendez-vous \u00e0 chaque \u00e9dition les amateurs de musique africaine pour vibrer aux rythmes des plus belles sonorit\u00e9s du continent noir.<\/p>\n<p><\/p>","protected":false},"excerpt":{"rendered":"<p>Edifi\u00e9 sur une esplanade dall\u00e9e, qui offre une vue imprenable sur la Kasbah des Oudayas, inscrit au patrimoine mondial de l&rsquo;Unesco, la sc\u00e8ne du Bouregreg tire son nom du fleuve \u00e9ponyme qui s&rsquo;\u00e9tire majestueusement le long du site. C&rsquo;est ici, en plein de c\u0153ur de Rabat, que se donnent rendez-vous \u00e0 chaque \u00e9dition les amateurs [&hellip;]<\/p>\n","protected":false},"author":1,"featured_media":0,"parent":78,"menu_order":0,"comment_status":"closed","ping_status":"closed","template":"scene.php","meta":{"_acf_changed":false,"footnotes":""},"class_list":["post-1192","page","type-page","status-publish","hentry"],"acf":[],"_links":{"self":[{"href":"https:\/\/mawazine.ma\/fr\/wp-json\/wp\/v2\/pages\/1192","targetHints":{"allow":["GET"]}}],"collection":[{"href":"https:\/\/mawazine.ma\/fr\/wp-json\/wp\/v2\/pages"}],"about":[{"href":"https:\/\/mawazine.ma\/fr\/wp-json\/wp\/v2\/types\/page"}],"author":[{"embeddable":true,"href":"https:\/\/mawazine.ma\/fr\/wp-json\/wp\/v2\/users\/1"}],"replies":[{"embeddable":true,"href":"https:\/\/mawazine.ma\/fr\/wp-json\/wp\/v2\/comments?post=1192"}],"version-history":[{"count":10,"href":"https:\/\/mawazine.ma\/fr\/wp-json\/wp\/v2\/pages\/1192\/revisions"}],"predecessor-version":[{"id":11502,"href":"https:\/\/mawazine.ma\/fr\/wp-json\/wp\/v2\/pages\/1192\/revisions\/11502"}],"up":[{"embeddable":true,"href":"https:\/\/mawazine.ma\/fr\/wp-json\/wp\/v2\/pages\/78"}],"wp:attachment":[{"href":"https:\/\/mawazine.ma\/fr\/wp-json\/wp\/v2\/media?parent=1192"}],"curies":[{"name":"wp","href":"https:\/\/api.w.org\/{rel}","templated":true}]}}