{"id":1187,"date":"2017-02-11T16:54:13","date_gmt":"2017-02-11T15:54:13","guid":{"rendered":"http:\/\/localhost:8888\/sites\/mawazine\/\/?page_id=1187"},"modified":"2024-02-16T18:28:38","modified_gmt":"2024-02-16T17:28:38","slug":"scene-orientale-espace-nahda","status":"publish","type":"page","link":"https:\/\/mawazine.ma\/fr\/edition-2024\/scenes\/scene-orientale-espace-nahda\/","title":{"rendered":"Espace Nahda"},"content":{"rendered":"<p><\/p>\n<p>Aucune sc\u00e8ne n&rsquo;illustre mieux la passion de Mawazine pour la musique arabe. Enti\u00e8rement d\u00e9di\u00e9e aux artistes de la r\u00e9gion, l&rsquo;Espace Nahda accueille les plus grandes voix orientales et permet de rassembler \u00e0 chaque concert plusieurs dizaines de milliers de personnes. Dans un cadre magique et confortable, la sc\u00e8ne offre aux festivaliers une occasion unique de d\u00e9couvrir le meilleur du r\u00e9pertoire moderne et classique de la r\u00e9gion.<\/p>\n<p><\/p>","protected":false},"excerpt":{"rendered":"<p>Aucune sc\u00e8ne n&rsquo;illustre mieux la passion de Mawazine pour la musique arabe. Enti\u00e8rement d\u00e9di\u00e9e aux artistes de la r\u00e9gion, l&rsquo;Espace Nahda accueille les plus grandes voix orientales et permet de rassembler \u00e0 chaque concert plusieurs dizaines de milliers de personnes. Dans un cadre magique et confortable, la sc\u00e8ne offre aux festivaliers une occasion unique de [&hellip;]<\/p>\n","protected":false},"author":1,"featured_media":0,"parent":78,"menu_order":0,"comment_status":"closed","ping_status":"closed","template":"scene.php","meta":{"_acf_changed":false,"footnotes":""},"class_list":["post-1187","page","type-page","status-publish","hentry"],"acf":[],"_links":{"self":[{"href":"https:\/\/mawazine.ma\/fr\/wp-json\/wp\/v2\/pages\/1187","targetHints":{"allow":["GET"]}}],"collection":[{"href":"https:\/\/mawazine.ma\/fr\/wp-json\/wp\/v2\/pages"}],"about":[{"href":"https:\/\/mawazine.ma\/fr\/wp-json\/wp\/v2\/types\/page"}],"author":[{"embeddable":true,"href":"https:\/\/mawazine.ma\/fr\/wp-json\/wp\/v2\/users\/1"}],"replies":[{"embeddable":true,"href":"https:\/\/mawazine.ma\/fr\/wp-json\/wp\/v2\/comments?post=1187"}],"version-history":[{"count":9,"href":"https:\/\/mawazine.ma\/fr\/wp-json\/wp\/v2\/pages\/1187\/revisions"}],"predecessor-version":[{"id":11503,"href":"https:\/\/mawazine.ma\/fr\/wp-json\/wp\/v2\/pages\/1187\/revisions\/11503"}],"up":[{"embeddable":true,"href":"https:\/\/mawazine.ma\/fr\/wp-json\/wp\/v2\/pages\/78"}],"wp:attachment":[{"href":"https:\/\/mawazine.ma\/fr\/wp-json\/wp\/v2\/media?parent=1187"}],"curies":[{"name":"wp","href":"https:\/\/api.w.org\/{rel}","templated":true}]}}