{"id":1183,"date":"2017-02-11T16:29:42","date_gmt":"2017-02-11T15:29:42","guid":{"rendered":"http:\/\/localhost:8888\/sites\/mawazine\/\/?page_id=1183"},"modified":"2024-02-16T16:45:01","modified_gmt":"2024-02-16T15:45:01","slug":"scene-internationale-olm-souissi","status":"publish","type":"page","link":"https:\/\/mawazine.ma\/fr\/edition-2024\/scenes\/scene-internationale-olm-souissi\/","title":{"rendered":"OLM Souissi"},"content":{"rendered":"<p><\/p>\n<p><strong>L&rsquo;OLM Souissi<\/strong> est consid\u00e9r\u00e9 comme le fief de la musique internationale et le haut lieu des rassemblements populaires dont Mawazine a le secret.<br \/>\nC&rsquo;est sur cette sc\u00e8ne que les artistes les plus c\u00e9l\u00e8bres et les plus attendus se produisent, le plus souvent devant des centaines de milliers de festivaliers.<br \/>\nR\u00e9uni sur un site d&rsquo;exception, \u00e0 proximit\u00e9 de l&rsquo;un des plus beaux quartiers de Rabat, le public de l&rsquo;OLM Souissi a rendez-vous chaque ann\u00e9e avec les plus grands interpr\u00e8tes de la plan\u00e8te, tous styles confondus.<\/p>\n<p><\/p>","protected":false},"excerpt":{"rendered":"<p>L&rsquo;OLM Souissi est consid\u00e9r\u00e9 comme le fief de la musique internationale et le haut lieu des rassemblements populaires dont Mawazine a le secret. C&rsquo;est sur cette sc\u00e8ne que les artistes les plus c\u00e9l\u00e8bres et les plus attendus se produisent, le plus souvent devant des centaines de milliers de festivaliers. R\u00e9uni sur un site d&rsquo;exception, \u00e0 [&hellip;]<\/p>\n","protected":false},"author":1,"featured_media":0,"parent":78,"menu_order":0,"comment_status":"closed","ping_status":"closed","template":"scene.php","meta":{"_acf_changed":false,"footnotes":""},"class_list":["post-1183","page","type-page","status-publish","hentry"],"acf":[],"_links":{"self":[{"href":"https:\/\/mawazine.ma\/fr\/wp-json\/wp\/v2\/pages\/1183","targetHints":{"allow":["GET"]}}],"collection":[{"href":"https:\/\/mawazine.ma\/fr\/wp-json\/wp\/v2\/pages"}],"about":[{"href":"https:\/\/mawazine.ma\/fr\/wp-json\/wp\/v2\/types\/page"}],"author":[{"embeddable":true,"href":"https:\/\/mawazine.ma\/fr\/wp-json\/wp\/v2\/users\/1"}],"replies":[{"embeddable":true,"href":"https:\/\/mawazine.ma\/fr\/wp-json\/wp\/v2\/comments?post=1183"}],"version-history":[{"count":15,"href":"https:\/\/mawazine.ma\/fr\/wp-json\/wp\/v2\/pages\/1183\/revisions"}],"predecessor-version":[{"id":11501,"href":"https:\/\/mawazine.ma\/fr\/wp-json\/wp\/v2\/pages\/1183\/revisions\/11501"}],"up":[{"embeddable":true,"href":"https:\/\/mawazine.ma\/fr\/wp-json\/wp\/v2\/pages\/78"}],"wp:attachment":[{"href":"https:\/\/mawazine.ma\/fr\/wp-json\/wp\/v2\/media?parent=1183"}],"curies":[{"name":"wp","href":"https:\/\/api.w.org\/{rel}","templated":true}]}}