{"id":11462,"date":"2024-02-14T03:46:38","date_gmt":"2024-02-14T02:46:38","guid":{"rendered":"http:\/\/localhost:8888\/sites\/mawazine\/?page_id=11462"},"modified":"2024-02-20T16:57:50","modified_gmt":"2024-02-20T15:57:50","slug":"realisations","status":"publish","type":"page","link":"https:\/\/mawazine.ma\/fr\/maroc-cultures\/realisations\/","title":{"rendered":"R\u00e9alisations"},"content":{"rendered":"<p><\/p>\n<p>Cr\u00e9\u00e9e en 2001, Maroc Cultures est une association \u00e0 but non lucratif qui \u0153uvre au d\u00e9veloppement et \u00e0 la d\u00e9mocratisation de la culture, conform\u00e9ment \u00e0 la vision initi\u00e9e par Sa Majest\u00e9 Le Roi Mohammed VI. Reconnue d\u2019utilit\u00e9 publique, Maroc Cultures a pour mission principale la cr\u00e9ation d\u2019une offre culturelle et artistique pour les publics de la r\u00e9gion de Rabat-Sal\u00e9-Zemmour-Za\u00ebr. Elle est ainsi \u00e0 l\u2019origine de plusieurs manifestations, dont les principales sont le festival Mawazine-Rythmes du Monde et le concours musical G\u00e9n\u00e9ration Mawazine. Pour mener \u00e0 bien ses actions, l\u2019Association s\u2019appuie sur une \u00e9quipe compos\u00e9e d\u2019une vingtaine de personnalit\u00e9s et professionnels issus de diff\u00e9rents champs d\u2019activit\u00e9. Cette pluralit\u00e9 d\u2019expertises, associ\u00e9e \u00e0 la collaboration d\u2019entreprises locales, permettent \u00e0 Maroc Cultures de proposer depuis quinze ans des \u00e9v\u00e9nements d\u2019envergure nationale qui positionnent le Maroc comme une r\u00e9f\u00e9rence dans l\u2019industrie du spectacle et les arts de la sc\u00e8ne.<\/p>\n<h3>Cr\u00e9ations musicales initi\u00e9es par Maroc Cultures<\/h3>\n<ul>\n<li><strong>Les voix des ann\u00e9es 70<\/strong><\/li>\n<li><strong>Al A\u00efta<\/strong>\u00a0: 35 troupes rendant hommage \u00e0 ce genre musical, faisant partie du patrimoine oral national.<\/li>\n<li><strong>Unity Reggae Party<\/strong>\u00a0: dirig\u00e9 par Ali Campbell (ex-voix des UB40), ce projet a vu la participation de Sly Robbie, Bitty Mc Lean, Khalifa et Mahmoud Bassou.<\/li>\n<li><strong>Al Di Meola &amp; Sa\u00efd Cha\u00efbi <\/strong>: cr\u00e9ation musicale entre le grand guitariste italo-am\u00e9ricain et le c\u00e9l\u00e8bre joueur de oud marocain.<\/li>\n<li><strong>Lui Fang &amp; Driss El Maaloumi<\/strong>\u00a0: cr\u00e9ation musicale entre une virtuose du pipa (luth traditionnel chinois) et le c\u00e9l\u00e8bre et talentueux luthiste marocain.<\/li>\n<li><strong>Don Big et Omar Sosa<\/strong>\u00a0: le jazz et le rap ont \u00e9t\u00e9 mis \u00e0 l\u2019honneur par cette collaboration unique.<\/li>\n<li>Collaboration avec l\u2019Orchestre symphonique royal :\n<ul>\n<li>Sting.<\/li>\n<li>Ennio Morricone.<\/li>\n<li>Roger Hodgson.<\/li>\n<\/ul>\n<\/li>\n<\/ul>\n<ul>\n<li><strong>Cr\u00e9ation \u2013 Nass El Ghiwane par Safy Boutella\u00a0<\/strong>: interpr\u00e9t\u00e9e par\u00a0Nass El Ghiwan et Safy Boutella,\u00a0avec la participation de\u00a0<strong>Sa\u00efda Fikri <\/strong>et<strong> Victor Wooten<\/strong>.<\/li>\n<li><strong>Bokra<\/strong>\u00a0: chanson autour de l\u2019espoir produite par <strong>Quincy Jones<\/strong> et <strong>RedOne<\/strong> et qui a r\u00e9uni des chanteurs du monde arabe.<\/li>\n<li><strong>Fortunat Fr\u00f6lich et la Chorale Marocaine<\/strong>\u00a0: une rencontre in\u00e9dite entre le compositeur suisse et un choeur marocain interpr\u00e9tant \u00e0 l\u2019unisson des chansons de leur pays.<\/li>\n<\/ul>\n<h3>Productions de Maroc Cultures<\/h3>\n<ul>\n<li>18 \u00e9ditions du<strong>\u00a0Festival Mawazine\u00a0Rythmes<\/strong> du Monde<\/li>\n<li>9 \u00e9ditions du concours de jeunes talents\u00a0<strong>G\u00e9n\u00e9ration Mawazine<\/strong><\/li>\n<li>1 \u00e9dition du Festival <strong>\u00ab\u00a0Maghrib Attakafat li lmassrah\u00a0\u00bb<\/strong> r\u00e9alis\u00e9e avec le Minist\u00e8re de la Culture et le Th\u00e9\u00e2tre National Mohammed V<\/li>\n<li>Clip de la chanson\u00a0<strong>Feels So Right<\/strong>\u00a0en collaboration avec le producteur international RedOne<\/li>\n<li>Clip caritatif de la reprise en arabe du tube de Quincy Jones <strong>\u00ab\u00a0Tomorow\u00a0\u00bb<\/strong> avec RedOne et plusieurs artistes arabes et am\u00e9ricains dont les recettes ont \u00e9t\u00e9 revers\u00e9es \u00e0 des associations de protection de l\u2019enfance<\/li>\n<li><strong>Mach\u00e2hid<\/strong>, sur les remparts de la Kasbah des Oudayas, ce spectacle son et lumi\u00e8res a relat\u00e9 les moments forts de l\u2019histoire de la ville de Rabat dans un cadre f\u00e9erique et spectaculaire, o\u00f9 se sont m\u00eal\u00e9es les images, les couleurs et les musiques.<\/li>\n<\/ul>\n<h3>Concerts organis\u00e9s par Maroc Cultures<\/h3>\n<ul>\n<li>Le spectacle Piaf\u00a0 <strong>La vie en rose<\/strong> \u00e0 Rabat.<\/li>\n<li>Tourn\u00e9e de l\u2019artiste\u00a0<strong>Gerard Le Norman<\/strong>\u00a0\u00e0 Rabat, Casablanca et Marrakech en 2009.<\/li>\n<li>Organisation de 3 dates du spectacle\u00a0<strong>Abba The Show\u00a0<\/strong>\u00e0 Rabat et Casablanca en 2009.<\/li>\n<li>Spectacle des\u00a0<strong>Harlem Gospel Choir<\/strong>, la chorale la plus c\u00e9l\u00e8bre des Etats-Unis \u00e0 Rabat et Casablanca en octobre 2010.<\/li>\n<li>Concert intimiste du guitariste\u00a0<strong>Al Di Meola<\/strong>\u00a0\u00e0 Rabat et Casablanca les 9 et 10 d\u00e9cembre 2010.<\/li>\n<li>Concert <strong>Les Rythmes du C\u0153ur<\/strong> \u00e0 Rabat en janvier 2011.<\/li>\n<li>Concert de l\u2019artiste <strong>Hindi Zahra<\/strong> en d\u00e9cembre 2011 \u00e0 Rabat et Casablanca.<\/li>\n<\/ul>\n<p>Concours de Maroc Cultures dans l\u2019organisation de la <strong>soir\u00e9e inaugurale du Morocco Mall<\/strong> en d\u00e9cembre 2011 avec la pr\u00e9sence de <strong>Jennifer Lopez<\/strong>.<\/p>\n<p><\/p>","protected":false},"excerpt":{"rendered":"<p>Cr\u00e9\u00e9e en 2001, Maroc Cultures est une association \u00e0 but non lucratif qui \u0153uvre au d\u00e9veloppement et \u00e0 la d\u00e9mocratisation de la culture, conform\u00e9ment \u00e0 la vision initi\u00e9e par Sa Majest\u00e9 Le Roi Mohammed VI. Reconnue d\u2019utilit\u00e9 publique, Maroc Cultures a pour mission principale la cr\u00e9ation d\u2019une offre culturelle et artistique pour les publics de [&hellip;]<\/p>\n","protected":false},"author":1,"featured_media":0,"parent":11531,"menu_order":0,"comment_status":"closed","ping_status":"closed","template":"","meta":{"_acf_changed":false,"footnotes":""},"class_list":["post-11462","page","type-page","status-publish","hentry"],"acf":[],"_links":{"self":[{"href":"https:\/\/mawazine.ma\/fr\/wp-json\/wp\/v2\/pages\/11462","targetHints":{"allow":["GET"]}}],"collection":[{"href":"https:\/\/mawazine.ma\/fr\/wp-json\/wp\/v2\/pages"}],"about":[{"href":"https:\/\/mawazine.ma\/fr\/wp-json\/wp\/v2\/types\/page"}],"author":[{"embeddable":true,"href":"https:\/\/mawazine.ma\/fr\/wp-json\/wp\/v2\/users\/1"}],"replies":[{"embeddable":true,"href":"https:\/\/mawazine.ma\/fr\/wp-json\/wp\/v2\/comments?post=11462"}],"version-history":[{"count":8,"href":"https:\/\/mawazine.ma\/fr\/wp-json\/wp\/v2\/pages\/11462\/revisions"}],"predecessor-version":[{"id":11524,"href":"https:\/\/mawazine.ma\/fr\/wp-json\/wp\/v2\/pages\/11462\/revisions\/11524"}],"up":[{"embeddable":true,"href":"https:\/\/mawazine.ma\/fr\/wp-json\/wp\/v2\/pages\/11531"}],"wp:attachment":[{"href":"https:\/\/mawazine.ma\/fr\/wp-json\/wp\/v2\/media?parent=11462"}],"curies":[{"name":"wp","href":"https:\/\/api.w.org\/{rel}","templated":true}]}}