{"id":104,"date":"2017-01-22T12:12:28","date_gmt":"2017-01-22T11:12:28","guid":{"rendered":"http:\/\/localhost:8888\/sites\/mawazine\/\/?page_id=104"},"modified":"2020-03-11T13:13:31","modified_gmt":"2020-03-11T12:13:31","slug":"tarification","status":"publish","type":"page","link":"https:\/\/mawazine.ma\/fr\/billetterie\/tarification\/","title":{"rendered":"Tarification"},"content":{"rendered":"<p><\/p>\n<h4>TARIFS\u00a0BILLETTERIE<\/h4>\n<table>\n<tbody>\n<tr>\n<td style=\"text-align: left;\">\n<ul>\n<li><strong>OLM SOUISSI\u00a0:<\/strong> L\u2019acc\u00e8s est gratuit \u00e0 l\u2019exception d\u2019un espace r\u00e9serv\u00e9 devant la sc\u00e8ne aux d\u00e9tenteurs de\u00a0 billets et\/ou d\u2019une carte d\u2019acc\u00e8s. Le tarif des billets pour acc\u00e9der \u00e0 cet espace varie entre <span style=\"color: #f0cc65;\">800<\/span> <span style=\"color: #f0cc65;\">DHS<\/span> et <span style=\"color: #f0cc65;\">1 400 DHS<\/span>.<\/li>\n<li><strong>ESPACE NAHDA\u00a0:<\/strong> L\u2019acc\u00e8s est gratuit \u00e0 l\u2019exception d\u2019un espace r\u00e9serv\u00e9 devant la sc\u00e8ne aux d\u00e9tenteurs de billets et\/ou d\u2019une carte d\u2019acc\u00e8s. Le tarif des billets pour acc\u00e9der \u00e0 cet espace varient entre <span style=\"color: #f0cc65;\">300 DHS<\/span> et <span style=\"color: #f0cc65;\">500 DHS<\/span>.<\/li>\n<li><strong>BOUREGREG\u00a0:<\/strong> L\u2019acc\u00e8s est gratuit \u00e0 l\u2019exception d\u2019un espace r\u00e9serv\u00e9 devant la sc\u00e8ne aux d\u00e9tenteurs de billets et\/ou d\u2019une carte d\u2019acc\u00e8s. Le tarif des billets pour acc\u00e9der \u00e0 cet espace varie entre <span style=\"color: #f0cc65;\">100 DHS<\/span> et <span style=\"color: #f0cc65;\">300 DHS<\/span>.<\/li>\n<\/ul>\n<\/td>\n<td style=\"text-align: left;\">\n<ul>\n<li style=\"text-align: left;\"><strong>SCENE DE SALE\u00a0:<\/strong> L\u2019acc\u00e8s est gratuit \u00e0 l\u2019exception d\u2019un espace r\u00e9serv\u00e9 devant la sc\u00e8ne aux d\u00e9tenteurs de billets et\/ou d\u2019une carte d\u2019acc\u00e8s. Le tarif des billets pour acc\u00e9der \u00e0 cet espace est de <span style=\"color: #f0cc65;\">100 DHS<\/span>.<\/li>\n<li><strong>THE\u00c2TRE NATIONAL MOHAMMED V\u00a0:<\/strong> Le tarif appliqu\u00e9 pour l\u2019acc\u00e8s \u00e0 cette sc\u00e8ne varie entre <span style=\"color: #f0cc65;\">300 DHS<\/span> et <span style=\"color: #f0cc65;\">1 800<\/span> DHS.<\/li>\n<li><strong>SITE HISTORIQUE DU CHELLAH\u00a0:<\/strong> 150DHS pour tous les concerts.<\/li>\n<\/ul>\n<\/td>\n<\/tr>\n<\/tbody>\n<\/table>\n<p>&nbsp;<\/p>\n<h4>TARIFS\u00a0CARTES<\/h4>\n<p><img loading=\"lazy\" decoding=\"async\" class=\"alignright size-medium wp-image-5332\" src=\"http:\/\/localhost:8888\/sites\/mawazine\/\/wp-content\/uploads\/2017\/01\/carte-gold-300x189.png\" alt=\"\" width=\"300\" height=\"189\" srcset=\"https:\/\/mawazine.ma\/wp-content\/uploads\/2017\/01\/carte-gold-300x189.png 300w, https:\/\/mawazine.ma\/wp-content\/uploads\/2017\/01\/carte-gold.png 600w\" sizes=\"auto, (max-width: 300px) 100vw, 300px\" \/><strong>CARTE GOLD :\u00a0<\/strong><\/p>\n<ul>\n<li>Permet l\u2019acc\u00e8s \u00e0 un espace r\u00e9serv\u00e9 devant les sc\u00e8nes Africaine (Bouregreg), Internationale (OLM Souissi), Marocaine (Sc\u00e8ne de Sal\u00e9) et Orientale (Espace Nahda)<\/li>\n<li>Est valable pour une personne durant toute la dur\u00e9e du festival au prix de <span style=\"color: #f0cc65;\">5 000 DHS<\/span>.<\/li>\n<\/ul>\n<p>&nbsp;<\/p>\n<p>&nbsp;<\/p>\n<p>&nbsp;<\/p>\n<p><img loading=\"lazy\" decoding=\"async\" class=\"alignright size-medium wp-image-5333\" src=\"http:\/\/localhost:8888\/sites\/mawazine\/\/wp-content\/uploads\/2017\/01\/fast-gold-300x189.png\" alt=\"\" width=\"300\" height=\"189\" srcset=\"https:\/\/mawazine.ma\/wp-content\/uploads\/2017\/01\/fast-gold-300x189.png 300w, https:\/\/mawazine.ma\/wp-content\/uploads\/2017\/01\/fast-gold.png 600w\" sizes=\"auto, (max-width: 300px) 100vw, 300px\" \/><\/p>\n<p>&nbsp;<\/p>\n<p><strong>CARTE FAST GOLD:<\/strong><\/p>\n<ul>\n<li>Permet de b\u00e9n\u00e9ficier de tous les avantages de la Carte Gold.<\/li>\n<li>Est con\u00e7ue pour que vous puissiez acc\u00e9der sans attendre.<\/li>\n<li>Est disponible au prix de <span style=\"color: #f0cc65;\">6 500 DHS<\/span>.<\/li>\n<\/ul>\n<p><\/p>","protected":false},"excerpt":{"rendered":"<p>TARIFS\u00a0BILLETTERIE OLM SOUISSI\u00a0: L\u2019acc\u00e8s est gratuit \u00e0 l\u2019exception d\u2019un espace r\u00e9serv\u00e9 devant la sc\u00e8ne aux d\u00e9tenteurs de\u00a0 billets et\/ou d\u2019une carte d\u2019acc\u00e8s. Le tarif des billets pour acc\u00e9der \u00e0 cet espace varie entre 800 DHS et 1 400 DHS. ESPACE NAHDA\u00a0: L\u2019acc\u00e8s est gratuit \u00e0 l\u2019exception d\u2019un espace r\u00e9serv\u00e9 devant la sc\u00e8ne aux d\u00e9tenteurs de [&hellip;]<\/p>\n","protected":false},"author":1,"featured_media":0,"parent":102,"menu_order":0,"comment_status":"closed","ping_status":"closed","template":"tarification.php","meta":{"_acf_changed":false,"footnotes":""},"class_list":["post-104","page","type-page","status-publish","hentry"],"acf":[],"_links":{"self":[{"href":"https:\/\/mawazine.ma\/fr\/wp-json\/wp\/v2\/pages\/104","targetHints":{"allow":["GET"]}}],"collection":[{"href":"https:\/\/mawazine.ma\/fr\/wp-json\/wp\/v2\/pages"}],"about":[{"href":"https:\/\/mawazine.ma\/fr\/wp-json\/wp\/v2\/types\/page"}],"author":[{"embeddable":true,"href":"https:\/\/mawazine.ma\/fr\/wp-json\/wp\/v2\/users\/1"}],"replies":[{"embeddable":true,"href":"https:\/\/mawazine.ma\/fr\/wp-json\/wp\/v2\/comments?post=104"}],"version-history":[{"count":7,"href":"https:\/\/mawazine.ma\/fr\/wp-json\/wp\/v2\/pages\/104\/revisions"}],"predecessor-version":[{"id":11423,"href":"https:\/\/mawazine.ma\/fr\/wp-json\/wp\/v2\/pages\/104\/revisions\/11423"}],"up":[{"embeddable":true,"href":"https:\/\/mawazine.ma\/fr\/wp-json\/wp\/v2\/pages\/102"}],"wp:attachment":[{"href":"https:\/\/mawazine.ma\/fr\/wp-json\/wp\/v2\/media?parent=104"}],"curies":[{"name":"wp","href":"https:\/\/api.w.org\/{rel}","templated":true}]}}